{"id":3484,"date":"2025-11-22T12:21:55","date_gmt":"2025-11-22T11:21:55","guid":{"rendered":"https:\/\/solutions.j2hbtracker.com\/?post_type=product&#038;p=3484"},"modified":"2026-01-14T11:28:26","modified_gmt":"2026-01-14T10:28:26","slug":"teltonika-fmb120","status":"publish","type":"product","link":"https:\/\/solutions.j2hbtracker.com\/ar\/product\/teltonika-fmb120\/","title":{"rendered":"Teltonika  FMB120"},"content":{"rendered":"<p data-start=\"140\" data-end=\"466\">\u0627\u0644 <strong data-start=\"143\" data-end=\"163\">Teltonika  FMB120<\/strong> \u0647\u0648 <strong data-start=\"171\" data-end=\"200\">traceur GPS professionnel<\/strong> con\u00e7u pour le <strong data-start=\"215\" data-end=\"252\">suivi des v\u00e9hicules en temps r\u00e9el<\/strong> via le r\u00e9seau <strong data-start=\"267\" data-end=\"277\">2G GSM<\/strong>. Gr\u00e2ce \u00e0 ses <strong data-start=\"291\" data-end=\"336\">antennes GPS et GSM internes \u00e0 gain \u00e9lev\u00e9<\/strong>, l\u2019appareil garantit un <strong data-start=\"361\" data-end=\"395\">suivi pr\u00e9cis, stable et rapide<\/strong>, m\u00eame dans des environnements complexes ou \u00e0 faible couverture r\u00e9seau.<\/p>\n<p data-start=\"468\" data-end=\"826\">Il dispose de <strong data-start=\"482\" data-end=\"510\">trois entr\u00e9es num\u00e9riques<\/strong>\u060c \u062f&#039;<strong data-start=\"514\" data-end=\"539\">une entr\u00e9e analogique<\/strong> et d\u2019<strong data-start=\"545\" data-end=\"569\">une sortie num\u00e9rique<\/strong>, permettant le contr\u00f4le de p\u00e9riph\u00e9riques externes tels qu\u2019un <strong data-start=\"631\" data-end=\"659\">relais de coupure moteur<\/strong>. Le FMB120 est \u00e9galement \u00e9quip\u00e9 d\u2019une <strong data-start=\"698\" data-end=\"731\">batterie lithium-ion int\u00e9gr\u00e9e<\/strong>, assurant la continuit\u00e9 du suivi en cas de coupure d\u2019alimentation ou de tentative de sabotage.<\/p>\n<p data-start=\"828\" data-end=\"901\">Le dispositif int\u00e8gre de nombreuses fonctionnalit\u00e9s avanc\u00e9es, notamment :<\/p>\n<ul data-start=\"902\" data-end=\"1195\">\n<li data-start=\"902\" data-end=\"934\">\n<p data-start=\"904\" data-end=\"934\">\u0627\u0644 <strong data-start=\"907\" data-end=\"933\">d\u00e9tection de mouvement<\/strong>,<\/p>\n<\/li>\n<li data-start=\"935\" data-end=\"979\">\n<p data-start=\"937\" data-end=\"979\">les <strong data-start=\"941\" data-end=\"978\">alertes de d\u00e9passement de vitesse<\/strong>,<\/p>\n<\/li>\n<li data-start=\"980\" data-end=\"1022\">\n<p data-start=\"982\" data-end=\"1022\">\u0627\u0644 <strong data-start=\"985\" data-end=\"999\">g\u00e9ofencing<\/strong> (zones g\u00e9ographiques),<\/p>\n<\/li>\n<li data-start=\"1023\" data-end=\"1059\">\n<p data-start=\"1025\" data-end=\"1059\">\u0627\u0644 <strong data-start=\"1028\" data-end=\"1058\">d\u00e9tection du contact (IGN)<\/strong>,<\/p>\n<\/li>\n<li data-start=\"1060\" data-end=\"1104\">\n<p data-start=\"1062\" data-end=\"1104\">l\u2019<strong data-start=\"1064\" data-end=\"1103\">analyse du comportement de conduite<\/strong>,<\/p>\n<\/li>\n<li data-start=\"1105\" data-end=\"1195\">\n<p data-start=\"1107\" data-end=\"1195\">\u0648 <strong data-start=\"1113\" data-end=\"1145\">prise en charge du Bluetooth<\/strong> pour les accessoires externes (selon la version).<\/p>\n<\/li>\n<\/ul>\n<p data-start=\"1197\" data-end=\"1444\">Compact, robuste et facile \u00e0 installer, le <strong data-start=\"1240\" data-end=\"1260\">Teltonika  FMB120<\/strong> constitue une solution id\u00e9ale pour les <strong data-start=\"1300\" data-end=\"1324\">flottes de v\u00e9hicules<\/strong>, <strong data-start=\"1326\" data-end=\"1335\">taxis<\/strong>, <strong data-start=\"1337\" data-end=\"1346\">motos<\/strong>, <strong data-start=\"1348\" data-end=\"1374\">v\u00e9hicules de livraison<\/strong> et tout type de v\u00e9hicule n\u00e9cessitant un <strong data-start=\"1415\" data-end=\"1443\">suivi fiable et s\u00e9curis\u00e9<\/strong>.<\/p>","protected":false},"excerpt":{"rendered":"<p><img decoding=\"async\" class=\"wp-image-2695 alignnone\" src=\"https:\/\/solutions.j2hbtracker.com\/wp-content\/uploads\/2025\/04\/Teltonika-logotipas-300x59.png\" alt=\"\u0645\u0627\u0631\u0643\u0629 \u0623\u062c\u0647\u0632\u0629 \u062a\u062a\u0628\u0639 \u0646\u0638\u0627\u0645 \u062a\u062d\u062f\u064a\u062f \u0627\u0644\u0645\u0648\u0627\u0642\u0639 \u0627\u0644\u0639\u0627\u0644\u0645\u064a (GPS)\" width=\"168\" height=\"33\" srcset=\"https:\/\/solutions.j2hbtracker.com\/wp-content\/uploads\/2025\/04\/Teltonika-logotipas-300x59.png 300w, https:\/\/solutions.j2hbtracker.com\/wp-content\/uploads\/2025\/04\/Teltonika-logotipas-500x98.png 500w, https:\/\/solutions.j2hbtracker.com\/wp-content\/uploads\/2025\/04\/Teltonika-logotipas-1024x201.png 1024w, https:\/\/solutions.j2hbtracker.com\/wp-content\/uploads\/2025\/04\/Teltonika-logotipas-768x151.png 768w, https:\/\/solutions.j2hbtracker.com\/wp-content\/uploads\/2025\/04\/Teltonika-logotipas-1536x302.png 1536w, https:\/\/solutions.j2hbtracker.com\/wp-content\/uploads\/2025\/04\/Teltonika-logotipas-2048x402.png 2048w, https:\/\/solutions.j2hbtracker.com\/wp-content\/uploads\/2025\/04\/Teltonika-logotipas-18x4.png 18w\" sizes=\"(max-width: 168px) 100vw, 168px\" \/><\/p>\n<p>\u0627\u0644 <strong data-start=\"1499\" data-end=\"1519\">Teltonika  FMB120<\/strong> est un traceur GPS fiable et polyvalent, offrant un suivi pr\u00e9cis des v\u00e9hicules en temps r\u00e9el via le r\u00e9seau 2G. Dot\u00e9 de multiples entr\u00e9es\/sorties, d\u2019une batterie int\u00e9gr\u00e9e et de fonctionnalit\u00e9s avanc\u00e9es de s\u00e9curit\u00e9, il est parfaitement adapt\u00e9 \u00e0 la <strong data-start=\"1766\" data-end=\"1787\">\u0625\u062f\u0627\u0631\u0629 \u0627\u0644\u0623\u0633\u0637\u0648\u0644<\/strong> et \u00e0 la <strong data-start=\"1796\" data-end=\"1824\">\u062d\u0645\u0627\u064a\u0629 \u0627\u0644\u0645\u0631\u0643\u0628\u0629<\/strong>.<\/p>","protected":false},"featured_media":3485,"comment_status":"open","ping_status":"closed","template":"","meta":[],"product_brand":[70],"product_cat":[56,54],"product_tag":[],"class_list":{"0":"post-3484","1":"product","2":"type-product","3":"status-publish","4":"has-post-thumbnail","6":"product_brand-teletonika","7":"product_cat-traceurs-2g","8":"product_cat-traceurs-gps","10":"first","11":"instock","12":"shipping-taxable","13":"product-type-simple"},"jetpack_sharing_enabled":true,"_links":{"self":[{"href":"https:\/\/solutions.j2hbtracker.com\/ar\/wp-json\/wp\/v2\/product\/3484","targetHints":{"allow":["GET"]}}],"collection":[{"href":"https:\/\/solutions.j2hbtracker.com\/ar\/wp-json\/wp\/v2\/product"}],"about":[{"href":"https:\/\/solutions.j2hbtracker.com\/ar\/wp-json\/wp\/v2\/types\/product"}],"replies":[{"embeddable":true,"href":"https:\/\/solutions.j2hbtracker.com\/ar\/wp-json\/wp\/v2\/comments?post=3484"}],"wp:featuredmedia":[{"embeddable":true,"href":"https:\/\/solutions.j2hbtracker.com\/ar\/wp-json\/wp\/v2\/media\/3485"}],"wp:attachment":[{"href":"https:\/\/solutions.j2hbtracker.com\/ar\/wp-json\/wp\/v2\/media?parent=3484"}],"wp:term":[{"taxonomy":"product_brand","embeddable":true,"href":"https:\/\/solutions.j2hbtracker.com\/ar\/wp-json\/wp\/v2\/product_brand?post=3484"},{"taxonomy":"product_cat","embeddable":true,"href":"https:\/\/solutions.j2hbtracker.com\/ar\/wp-json\/wp\/v2\/product_cat?post=3484"},{"taxonomy":"product_tag","embeddable":true,"href":"https:\/\/solutions.j2hbtracker.com\/ar\/wp-json\/wp\/v2\/product_tag?post=3484"}],"curies":[{"name":"wp","href":"https:\/\/api.w.org\/{rel}","templated":true}]}}