{"id":4113,"date":"2026-01-04T02:57:19","date_gmt":"2026-01-04T01:57:19","guid":{"rendered":"https:\/\/j2hbtrack.com\/?page_id=4113"},"modified":"2026-01-09T15:24:12","modified_gmt":"2026-01-09T14:24:12","slug":"logiciels-de-suivi-tracking","status":"publish","type":"page","link":"https:\/\/solutions.j2hbtracker.com\/fr\/logiciels-de-suivi-tracking\/","title":{"rendered":"Logiciels de suivi &amp; tracking"},"content":{"rendered":"\t\t<div data-elementor-type=\"wp-page\" data-elementor-id=\"4113\" class=\"elementor elementor-4113\" data-elementor-settings=\"{&quot;ha_cmc_init_switcher&quot;:&quot;no&quot;}\" data-elementor-post-type=\"page\">\n\t\t\t\t<div class=\"elementor-element elementor-element-668c559 e-flex e-con-boxed e-con e-parent\" data-id=\"668c559\" data-element_type=\"container\" data-settings=\"{&quot;background_background&quot;:&quot;classic&quot;,&quot;_ha_eqh_enable&quot;:false}\">\n\t\t\t\t\t<div class=\"e-con-inner\">\n\t\t\t\t<div class=\"elementor-element elementor-element-8e108a1 animated-slow elementor-invisible elementor-widget elementor-widget-heading\" data-id=\"8e108a1\" data-element_type=\"widget\" data-settings=\"{&quot;_animation&quot;:&quot;fadeIn&quot;}\" data-widget_type=\"heading.default\">\n\t\t\t\t<div class=\"elementor-widget-container\">\n\t\t\t\t\t<h2 class=\"elementor-heading-title elementor-size-default\">Logiciels professionnels de suivi et de tracking GPS\n<\/h2>\t\t\t\t<\/div>\n\t\t\t\t<\/div>\n\t\t\t\t<div class=\"elementor-element elementor-element-17e30ac elementor-widget-mobile__width-auto animated-slow elementor-invisible elementor-widget elementor-widget-text-editor\" data-id=\"17e30ac\" data-element_type=\"widget\" data-settings=\"{&quot;_animation&quot;:&quot;fadeIn&quot;}\" data-widget_type=\"text-editor.default\">\n\t\t\t\t<div class=\"elementor-widget-container\">\n\t\t\t\t\t\t\t\t\t<div class=\"elementor-element elementor-element-17e30ac elementor-widget__width-initial elementor-widget-mobile__width-auto animated-slow elementor-widget elementor-widget-text-editor animated fadeIn\" data-id=\"17e30ac\" data-element_type=\"widget\" data-settings=\"{&quot;_animation&quot;:&quot;fadeIn&quot;}\" data-widget_type=\"text-editor.default\"><p>Des plateformes internationales reconnues pour un suivi fiable, des donn\u00e9es pr\u00e9cises et une gestion efficace des flottes de v\u00e9hicules au Maroc.<\/p><\/div>\t\t\t\t\t\t\t\t<\/div>\n\t\t\t\t<\/div>\n\t\t<div class=\"elementor-element elementor-element-4698c0c animated-slow e-flex e-con-boxed elementor-invisible e-con e-child\" data-id=\"4698c0c\" data-element_type=\"container\" data-settings=\"{&quot;animation&quot;:&quot;zoomIn&quot;,&quot;_ha_eqh_enable&quot;:false}\">\n\t\t\t\t\t<div class=\"e-con-inner\">\n\t\t\t\t<div class=\"elementor-element elementor-element-f708a08 elementor-widget__width-initial ha-has-bg-overlay elementor-widget elementor-widget-image\" data-id=\"f708a08\" data-element_type=\"widget\" data-widget_type=\"image.default\">\n\t\t\t\t<div class=\"elementor-widget-container\">\n\t\t\t\t\t\t\t\t\t\t\t\t\t\t\t<img fetchpriority=\"high\" decoding=\"async\" width=\"300\" height=\"180\" src=\"https:\/\/solutions.j2hbtracker.com\/wp-content\/uploads\/2026\/01\/image-Photoroom-1-300x180.png\" class=\"attachment-medium size-medium wp-image-4142\" alt=\"\" srcset=\"https:\/\/solutions.j2hbtracker.com\/wp-content\/uploads\/2026\/01\/image-Photoroom-1-300x180.png 300w, https:\/\/solutions.j2hbtracker.com\/wp-content\/uploads\/2026\/01\/image-Photoroom-1-768x461.png 768w, https:\/\/solutions.j2hbtracker.com\/wp-content\/uploads\/2026\/01\/image-Photoroom-1-18x12.png 18w, https:\/\/solutions.j2hbtracker.com\/wp-content\/uploads\/2026\/01\/image-Photoroom-1-500x300.png 500w, https:\/\/solutions.j2hbtracker.com\/wp-content\/uploads\/2026\/01\/image-Photoroom-1.png 800w\" sizes=\"(max-width: 300px) 100vw, 300px\" \/>\t\t\t\t\t\t\t\t\t\t\t\t\t\t\t<\/div>\n\t\t\t\t<\/div>\n\t\t\t\t<div class=\"elementor-element elementor-element-3f11cb7 elementor-widget__width-initial ha-has-bg-overlay elementor-widget elementor-widget-image\" data-id=\"3f11cb7\" data-element_type=\"widget\" data-widget_type=\"image.default\">\n\t\t\t\t<div class=\"elementor-widget-container\">\n\t\t\t\t\t\t\t\t\t\t\t\t\t\t\t<img decoding=\"async\" width=\"300\" height=\"80\" src=\"https:\/\/solutions.j2hbtracker.com\/wp-content\/uploads\/2026\/01\/image-Photoroom-2-300x80.png\" class=\"attachment-medium size-medium wp-image-4143\" alt=\"\" srcset=\"https:\/\/solutions.j2hbtracker.com\/wp-content\/uploads\/2026\/01\/image-Photoroom-2-300x80.png 300w, https:\/\/solutions.j2hbtracker.com\/wp-content\/uploads\/2026\/01\/image-Photoroom-2-18x5.png 18w, https:\/\/solutions.j2hbtracker.com\/wp-content\/uploads\/2026\/01\/image-Photoroom-2.png 357w\" sizes=\"(max-width: 300px) 100vw, 300px\" \/>\t\t\t\t\t\t\t\t\t\t\t\t\t\t\t<\/div>\n\t\t\t\t<\/div>\n\t\t\t\t\t<\/div>\n\t\t\t\t<\/div>\n\t\t\t\t\t<\/div>\n\t\t\t\t<\/div>\n\t\t<div class=\"elementor-element elementor-element-94429eb e-flex e-con-boxed e-con e-parent\" data-id=\"94429eb\" data-element_type=\"container\" data-settings=\"{&quot;_ha_eqh_enable&quot;:false}\">\n\t\t\t\t\t<div class=\"e-con-inner\">\n\t\t<div class=\"elementor-element elementor-element-ba6fcce e-con-full animated-slow e-flex elementor-invisible e-con e-child\" data-id=\"ba6fcce\" data-element_type=\"container\" data-settings=\"{&quot;background_background&quot;:&quot;classic&quot;,&quot;animation&quot;:&quot;fadeInUp&quot;,&quot;_ha_eqh_enable&quot;:false}\">\n\t\t\t\t<div class=\"elementor-element elementor-element-0a7b5fd elementor-widget elementor-widget-heading\" data-id=\"0a7b5fd\" data-element_type=\"widget\" data-widget_type=\"heading.default\">\n\t\t\t\t<div class=\"elementor-widget-container\">\n\t\t\t\t\t<h2 class=\"elementor-heading-title elementor-size-default\">Pourquoi nos logiciels ?<\/h2>\t\t\t\t<\/div>\n\t\t\t\t<\/div>\n\t\t\t\t<div class=\"elementor-element elementor-element-9590485 elementor-widget__width-initial elementor-widget elementor-widget-text-editor\" data-id=\"9590485\" data-element_type=\"widget\" data-widget_type=\"text-editor.default\">\n\t\t\t\t<div class=\"elementor-widget-container\">\n\t\t\t\t\t\t\t\t\t<p>Nos solutions reposent sur des plateformes de suivi approuv\u00e9es \u00e0 l&rsquo;\u00e9chelle mondiale, utilis\u00e9es par des milliers d&rsquo;entreprises dans le monde entier, afin de garantir un suivi stable, pr\u00e9cis et \u00e9volutif des flottes de v\u00e9hicules de toutes tailles au Maroc.<\/p>\t\t\t\t\t\t\t\t<\/div>\n\t\t\t\t<\/div>\n\t\t\t\t<div class=\"elementor-element elementor-element-3312306 elementor-align-center elementor-widget elementor-widget-button\" data-id=\"3312306\" data-element_type=\"widget\" data-widget_type=\"button.default\">\n\t\t\t\t<div class=\"elementor-widget-container\">\n\t\t\t\t\t\t\t\t\t<div class=\"elementor-button-wrapper\">\n\t\t\t\t\t<a class=\"elementor-button elementor-button-link elementor-size-sm\" href=\"https:\/\/solutions.j2hbtracker.com\/fr\/contact\/\">\n\t\t\t\t\t\t<span class=\"elementor-button-content-wrapper\">\n\t\t\t\t\t\t\t\t\t<span class=\"elementor-button-text\">Contactez-nous<\/span>\n\t\t\t\t\t<\/span>\n\t\t\t\t\t<\/a>\n\t\t\t\t<\/div>\n\t\t\t\t\t\t\t\t<\/div>\n\t\t\t\t<\/div>\n\t\t\t\t<\/div>\n\t\t\t\t\t<\/div>\n\t\t\t\t<\/div>\n\t\t<div class=\"elementor-element elementor-element-b1b19e0 e-flex e-con-boxed e-con e-parent\" data-id=\"b1b19e0\" data-element_type=\"container\" data-settings=\"{&quot;_ha_eqh_enable&quot;:false}\">\n\t\t\t\t\t<div class=\"e-con-inner\">\n\t\t<div class=\"elementor-element elementor-element-4e074f6 animated-slow e-flex e-con-boxed elementor-invisible e-con e-child\" data-id=\"4e074f6\" data-element_type=\"container\" data-settings=\"{&quot;background_background&quot;:&quot;classic&quot;,&quot;animation&quot;:&quot;fadeInUp&quot;,&quot;_ha_eqh_enable&quot;:false}\">\n\t\t\t\t\t<div class=\"e-con-inner\">\n\t\t<div class=\"elementor-element elementor-element-61f14d3 e-con-full e-flex e-con e-child\" data-id=\"61f14d3\" data-element_type=\"container\" data-settings=\"{&quot;_ha_eqh_enable&quot;:false}\">\n\t\t\t\t<div class=\"elementor-element elementor-element-9d2f4d6 elementor-widget elementor-widget-image\" data-id=\"9d2f4d6\" data-element_type=\"widget\" data-widget_type=\"image.default\">\n\t\t\t\t<div class=\"elementor-widget-container\">\n\t\t\t\t\t\t\t\t\t\t\t\t\t\t\t<img decoding=\"async\" width=\"800\" height=\"447\" src=\"https:\/\/solutions.j2hbtracker.com\/wp-content\/uploads\/2026\/01\/unnamed-4.jpg\" class=\"attachment-large size-large wp-image-4149\" alt=\"\" srcset=\"https:\/\/solutions.j2hbtracker.com\/wp-content\/uploads\/2026\/01\/unnamed-4.jpg 1024w, https:\/\/solutions.j2hbtracker.com\/wp-content\/uploads\/2026\/01\/unnamed-4-300x168.jpg 300w, https:\/\/solutions.j2hbtracker.com\/wp-content\/uploads\/2026\/01\/unnamed-4-768x429.jpg 768w, https:\/\/solutions.j2hbtracker.com\/wp-content\/uploads\/2026\/01\/unnamed-4-18x10.jpg 18w, https:\/\/solutions.j2hbtracker.com\/wp-content\/uploads\/2026\/01\/unnamed-4-500x279.jpg 500w\" sizes=\"(max-width: 800px) 100vw, 800px\" \/>\t\t\t\t\t\t\t\t\t\t\t\t\t\t\t<\/div>\n\t\t\t\t<\/div>\n\t\t\t\t<\/div>\n\t\t<div class=\"elementor-element elementor-element-afe1a8a e-con-full e-flex e-con e-child\" data-id=\"afe1a8a\" data-element_type=\"container\" data-settings=\"{&quot;_ha_eqh_enable&quot;:false}\">\n\t\t\t\t<div class=\"elementor-element elementor-element-22d3a42 elementor-widget elementor-widget-button\" data-id=\"22d3a42\" data-element_type=\"widget\" data-widget_type=\"button.default\">\n\t\t\t\t<div class=\"elementor-widget-container\">\n\t\t\t\t\t\t\t\t\t<div class=\"elementor-button-wrapper\">\n\t\t\t\t\t<a class=\"elementor-button elementor-size-sm\" role=\"button\">\n\t\t\t\t\t\t<span class=\"elementor-button-content-wrapper\">\n\t\t\t\t\t\t\t\t\t<span class=\"elementor-button-text\">Solution flexible<\/span>\n\t\t\t\t\t<\/span>\n\t\t\t\t\t<\/a>\n\t\t\t\t<\/div>\n\t\t\t\t\t\t\t\t<\/div>\n\t\t\t\t<\/div>\n\t\t\t\t<div class=\"elementor-element elementor-element-3267b57 elementor-widget elementor-widget-heading\" data-id=\"3267b57\" data-element_type=\"widget\" data-widget_type=\"heading.default\">\n\t\t\t\t<div class=\"elementor-widget-container\">\n\t\t\t\t\t<h2 class=\"elementor-heading-title elementor-size-default\">GPSWOX \u2013 Une plateforme flexible et orient\u00e9e business\n<\/h2>\t\t\t\t<\/div>\n\t\t\t\t<\/div>\n\t\t\t\t<div class=\"elementor-element elementor-element-20df0a6 elementor-widget elementor-widget-text-editor\" data-id=\"20df0a6\" data-element_type=\"widget\" data-widget_type=\"text-editor.default\">\n\t\t\t\t<div class=\"elementor-widget-container\">\n\t\t\t\t\t\t\t\t\t<p>Utilis\u00e9 par plus de 100\u00a0000 clients et 1\u00a0500 entreprises dans le monde entier, GPSWOX est une option adapt\u00e9e aux projets recherchant une solution rapide et \u00e9volutive.<\/p>\t\t\t\t\t\t\t\t<\/div>\n\t\t\t\t<\/div>\n\t\t<div class=\"elementor-element elementor-element-d34c298 e-grid e-con-full e-con e-child\" data-id=\"d34c298\" data-element_type=\"container\" data-settings=\"{&quot;_ha_eqh_enable&quot;:false}\">\n\t\t\t\t<div class=\"elementor-element elementor-element-229b0ca elementor-widget__width-inherit ha-has-bg-overlay elementor-widget elementor-widget-icon-box\" data-id=\"229b0ca\" data-element_type=\"widget\" data-widget_type=\"icon-box.default\">\n\t\t\t\t<div class=\"elementor-widget-container\">\n\t\t\t\t\t\t\t<div class=\"elementor-icon-box-wrapper\">\n\n\t\t\t\n\t\t\t\t\t\t<div class=\"elementor-icon-box-content\">\n\n\t\t\t\t\t\t\t\t\t<h3 class=\"elementor-icon-box-title\">\n\t\t\t\t\t\t<span  >\n\t\t\t\t\t\t\t100K+\t\t\t\t\t\t<\/span>\n\t\t\t\t\t<\/h3>\n\t\t\t\t\n\t\t\t\t\t\t\t\t\t<p class=\"elementor-icon-box-description\">\n\t\t\t\t\t\tClients\t\t\t\t\t<\/p>\n\t\t\t\t\n\t\t\t<\/div>\n\t\t\t\n\t\t<\/div>\n\t\t\t\t\t\t<\/div>\n\t\t\t\t<\/div>\n\t\t\t\t<div class=\"elementor-element elementor-element-690acb8 elementor-widget__width-inherit ha-has-bg-overlay elementor-widget elementor-widget-icon-box\" data-id=\"690acb8\" data-element_type=\"widget\" data-widget_type=\"icon-box.default\">\n\t\t\t\t<div class=\"elementor-widget-container\">\n\t\t\t\t\t\t\t<div class=\"elementor-icon-box-wrapper\">\n\n\t\t\t\n\t\t\t\t\t\t<div class=\"elementor-icon-box-content\">\n\n\t\t\t\t\t\t\t\t\t<h3 class=\"elementor-icon-box-title\">\n\t\t\t\t\t\t<span  >\n\t\t\t\t\t\t\t1500+\t\t\t\t\t\t<\/span>\n\t\t\t\t\t<\/h3>\n\t\t\t\t\n\t\t\t\t\t\t\t\t\t<p class=\"elementor-icon-box-description\">\n\t\t\t\t\t\tentreprises\n\t\t\t\t\t<\/p>\n\t\t\t\t\n\t\t\t<\/div>\n\t\t\t\n\t\t<\/div>\n\t\t\t\t\t\t<\/div>\n\t\t\t\t<\/div>\n\t\t\t\t<\/div>\n\t\t\t\t<div class=\"elementor-element elementor-element-e245755 elementor-widget elementor-widget-text-editor\" data-id=\"e245755\" data-element_type=\"widget\" data-widget_type=\"text-editor.default\">\n\t\t\t\t<div class=\"elementor-widget-container\">\n\t\t\t\t\t\t\t\t\tCertifi\u00e9e par des entreprises en Europe et aux \u00c9tats-Unis pour la gestion de flottes de toutes tailles avec une grande efficacit\u00e9.\n\t\t\t\t\t\t\t\t<\/div>\n\t\t\t\t<\/div>\n\t\t\t\t<\/div>\n\t\t\t\t\t<\/div>\n\t\t\t\t<\/div>\n\t\t\t\t\t<\/div>\n\t\t\t\t<\/div>\n\t\t<div class=\"elementor-element elementor-element-81dc0ff e-flex e-con-boxed e-con e-parent\" data-id=\"81dc0ff\" data-element_type=\"container\" data-settings=\"{&quot;_ha_eqh_enable&quot;:false}\">\n\t\t\t\t\t<div class=\"e-con-inner\">\n\t\t<div class=\"elementor-element elementor-element-b39e239 animated-slow e-flex e-con-boxed elementor-invisible e-con e-child\" data-id=\"b39e239\" data-element_type=\"container\" data-settings=\"{&quot;background_background&quot;:&quot;classic&quot;,&quot;animation&quot;:&quot;fadeInUp&quot;,&quot;_ha_eqh_enable&quot;:false}\">\n\t\t\t\t\t<div class=\"e-con-inner\">\n\t\t<div class=\"elementor-element elementor-element-8c4a3ee e-flex e-con-boxed e-con e-child\" data-id=\"8c4a3ee\" data-element_type=\"container\" data-settings=\"{&quot;_ha_eqh_enable&quot;:false}\">\n\t\t\t\t\t<div class=\"e-con-inner\">\n\t\t\t\t<div class=\"elementor-element elementor-element-5ecb639 elementor-widget elementor-widget-image\" data-id=\"5ecb639\" data-element_type=\"widget\" data-widget_type=\"image.default\">\n\t\t\t\t<div class=\"elementor-widget-container\">\n\t\t\t\t\t\t\t\t\t\t\t\t\t\t\t<img loading=\"lazy\" decoding=\"async\" width=\"800\" height=\"492\" src=\"https:\/\/solutions.j2hbtracker.com\/wp-content\/uploads\/2026\/01\/monitoring_ru.png\" class=\"attachment-large size-large wp-image-4144\" alt=\"\" srcset=\"https:\/\/solutions.j2hbtracker.com\/wp-content\/uploads\/2026\/01\/monitoring_ru.png 904w, https:\/\/solutions.j2hbtracker.com\/wp-content\/uploads\/2026\/01\/monitoring_ru-300x185.png 300w, https:\/\/solutions.j2hbtracker.com\/wp-content\/uploads\/2026\/01\/monitoring_ru-768x472.png 768w, https:\/\/solutions.j2hbtracker.com\/wp-content\/uploads\/2026\/01\/monitoring_ru-18x12.png 18w, https:\/\/solutions.j2hbtracker.com\/wp-content\/uploads\/2026\/01\/monitoring_ru-500x308.png 500w\" sizes=\"(max-width: 800px) 100vw, 800px\" \/>\t\t\t\t\t\t\t\t\t\t\t\t\t\t\t<\/div>\n\t\t\t\t<\/div>\n\t\t\t\t\t<\/div>\n\t\t\t\t<\/div>\n\t\t<div class=\"elementor-element elementor-element-1ff7a17 e-con-full e-flex e-con e-child\" data-id=\"1ff7a17\" data-element_type=\"container\" data-settings=\"{&quot;_ha_eqh_enable&quot;:false}\">\n\t\t\t\t<div class=\"elementor-element elementor-element-512dc52 elementor-widget elementor-widget-button\" data-id=\"512dc52\" data-element_type=\"widget\" data-widget_type=\"button.default\">\n\t\t\t\t<div class=\"elementor-widget-container\">\n\t\t\t\t\t\t\t\t\t<div class=\"elementor-button-wrapper\">\n\t\t\t\t\t<a class=\"elementor-button elementor-button-link elementor-size-sm\" href=\"#\">\n\t\t\t\t\t\t<span class=\"elementor-button-content-wrapper\">\n\t\t\t\t\t\t\t\t\t<span class=\"elementor-button-text\"> Plateforme mondiale<\/span>\n\t\t\t\t\t<\/span>\n\t\t\t\t\t<\/a>\n\t\t\t\t<\/div>\n\t\t\t\t\t\t\t\t<\/div>\n\t\t\t\t<\/div>\n\t\t\t\t<div class=\"elementor-element elementor-element-b3422a5 elementor-widget elementor-widget-heading\" data-id=\"b3422a5\" data-element_type=\"widget\" data-widget_type=\"heading.default\">\n\t\t\t\t<div class=\"elementor-widget-container\">\n\t\t\t\t\t<h2 class=\"elementor-heading-title elementor-size-default\">Wialon \u2013 une r\u00e9f\u00e9rence internationale en t\u00e9l\u00e9matique\n<\/h2>\t\t\t\t<\/div>\n\t\t\t\t<\/div>\n\t\t\t\t<div class=\"elementor-element elementor-element-1ddaf3c elementor-widget elementor-widget-text-editor\" data-id=\"1ddaf3c\" data-element_type=\"widget\" data-widget_type=\"text-editor.default\">\n\t\t\t\t<div class=\"elementor-widget-container\">\n\t\t\t\t\t\t\t\t\t<p>Class\u00e9e parmi les 5 premi\u00e8res plateformes mondiales selon le rapport 2025 d&rsquo;ABI Research, Wialon connecte plus de 4,2 millions de v\u00e9hicules dans plus de 160 pays.<\/p><div class=\"stats\">\u00a0<\/div>\t\t\t\t\t\t\t\t<\/div>\n\t\t\t\t<\/div>\n\t\t<div class=\"elementor-element elementor-element-ef2a83b e-grid e-con-full e-con e-child\" data-id=\"ef2a83b\" data-element_type=\"container\" data-settings=\"{&quot;_ha_eqh_enable&quot;:false}\">\n\t\t\t\t<div class=\"elementor-element elementor-element-3ddfc42 elementor-widget__width-inherit ha-has-bg-overlay elementor-widget elementor-widget-icon-box\" data-id=\"3ddfc42\" data-element_type=\"widget\" data-widget_type=\"icon-box.default\">\n\t\t\t\t<div class=\"elementor-widget-container\">\n\t\t\t\t\t\t\t<div class=\"elementor-icon-box-wrapper\">\n\n\t\t\t\n\t\t\t\t\t\t<div class=\"elementor-icon-box-content\">\n\n\t\t\t\t\t\t\t\t\t<h3 class=\"elementor-icon-box-title\">\n\t\t\t\t\t\t<span  >\n\t\t\t\t\t\t\t160 +\t\t\t\t\t\t<\/span>\n\t\t\t\t\t<\/h3>\n\t\t\t\t\n\t\t\t\t\t\t\t\t\t<p class=\"elementor-icon-box-description\">\n\t\t\t\t\t\tnation\t\t\t\t\t<\/p>\n\t\t\t\t\n\t\t\t<\/div>\n\t\t\t\n\t\t<\/div>\n\t\t\t\t\t\t<\/div>\n\t\t\t\t<\/div>\n\t\t\t\t<div class=\"elementor-element elementor-element-db0d5c9 elementor-widget__width-inherit ha-has-bg-overlay elementor-widget elementor-widget-icon-box\" data-id=\"db0d5c9\" data-element_type=\"widget\" data-widget_type=\"icon-box.default\">\n\t\t\t\t<div class=\"elementor-widget-container\">\n\t\t\t\t\t\t\t<div class=\"elementor-icon-box-wrapper\">\n\n\t\t\t\n\t\t\t\t\t\t<div class=\"elementor-icon-box-content\">\n\n\t\t\t\t\t\t\t\t\t<h3 class=\"elementor-icon-box-title\">\n\t\t\t\t\t\t<span  >\n\t\t\t\t\t\t\t4,2M+\t\t\t\t\t\t<\/span>\n\t\t\t\t\t<\/h3>\n\t\t\t\t\n\t\t\t\t\t\t\t\t\t<p class=\"elementor-icon-box-description\">\n\t\t\t\t\t\tv\u00e9hicule\t\t\t\t\t<\/p>\n\t\t\t\t\n\t\t\t<\/div>\n\t\t\t\n\t\t<\/div>\n\t\t\t\t\t\t<\/div>\n\t\t\t\t<\/div>\n\t\t\t\t<div class=\"elementor-element elementor-element-45ea404 elementor-widget__width-inherit ha-has-bg-overlay elementor-widget elementor-widget-icon-box\" data-id=\"45ea404\" data-element_type=\"widget\" data-widget_type=\"icon-box.default\">\n\t\t\t\t<div class=\"elementor-widget-container\">\n\t\t\t\t\t\t\t<div class=\"elementor-icon-box-wrapper\">\n\n\t\t\t\n\t\t\t\t\t\t<div class=\"elementor-icon-box-content\">\n\n\t\t\t\t\t\t\t\t\t<h3 class=\"elementor-icon-box-title\">\n\t\t\t\t\t\t<span  >\n\t\t\t\t\t\t\t4100+\t\t\t\t\t\t<\/span>\n\t\t\t\t\t<\/h3>\n\t\t\t\t\n\t\t\t\t\t\t\t\t\t<p class=\"elementor-icon-box-description\">\n\t\t\t\t\t\tdispositif de suivi\n\n\t\t\t\t\t<\/p>\n\t\t\t\t\n\t\t\t<\/div>\n\t\t\t\n\t\t<\/div>\n\t\t\t\t\t\t<\/div>\n\t\t\t\t<\/div>\n\t\t\t\t<div class=\"elementor-element elementor-element-78ed2d3 elementor-widget__width-inherit ha-has-bg-overlay elementor-widget elementor-widget-icon-box\" data-id=\"78ed2d3\" data-element_type=\"widget\" data-widget_type=\"icon-box.default\">\n\t\t\t\t<div class=\"elementor-widget-container\">\n\t\t\t\t\t\t\t<div class=\"elementor-icon-box-wrapper\">\n\n\t\t\t\n\t\t\t\t\t\t<div class=\"elementor-icon-box-content\">\n\n\t\t\t\t\t\t\t\t\t<h3 class=\"elementor-icon-box-title\">\n\t\t\t\t\t\t<span  >\n\t\t\t\t\t\t\t2700+\t\t\t\t\t\t<\/span>\n\t\t\t\t\t<\/h3>\n\t\t\t\t\n\t\t\t\t\t\t\t\t\t<p class=\"elementor-icon-box-description\">\n\t\t\t\t\t\tun partenaire\n\n\t\t\t\t\t<\/p>\n\t\t\t\t\n\t\t\t<\/div>\n\t\t\t\n\t\t<\/div>\n\t\t\t\t\t\t<\/div>\n\t\t\t\t<\/div>\n\t\t\t\t<\/div>\n\t\t\t\t<div class=\"elementor-element elementor-element-8581c6d elementor-widget elementor-widget-text-editor\" data-id=\"8581c6d\" data-element_type=\"widget\" data-widget_type=\"text-editor.default\">\n\t\t\t\t<div class=\"elementor-widget-container\">\n\t\t\t\t\t\t\t\t\t<p><strong>Sc\u00e9nario r\u00e9el :<\/strong> Suite \u00e0 l&rsquo;adoption de Wialon, Nestl\u00e9 Waters Turquie a enregistr\u00e9 une baisse de 30 % des infractions et une baisse de 68 % des exc\u00e8s de vitesse.<\/p>\t\t\t\t\t\t\t\t<\/div>\n\t\t\t\t<\/div>\n\t\t\t\t<\/div>\n\t\t\t\t\t<\/div>\n\t\t\t\t<\/div>\n\t\t\t\t\t<\/div>\n\t\t\t\t<\/div>\n\t\t<div class=\"elementor-element elementor-element-a4814cf e-flex e-con-boxed e-con e-parent\" data-id=\"a4814cf\" data-element_type=\"container\" data-settings=\"{&quot;_ha_eqh_enable&quot;:false}\">\n\t\t\t\t\t<div class=\"e-con-inner\">\n\t\t<div class=\"elementor-element elementor-element-4c96e07 animated-slow e-flex e-con-boxed elementor-invisible e-con e-child\" data-id=\"4c96e07\" data-element_type=\"container\" data-settings=\"{&quot;background_background&quot;:&quot;classic&quot;,&quot;animation&quot;:&quot;fadeInUp&quot;,&quot;_ha_eqh_enable&quot;:false}\">\n\t\t\t\t\t<div class=\"e-con-inner\">\n\t\t\t\t<div class=\"elementor-element elementor-element-4180dd7 elementor-widget elementor-widget-heading\" data-id=\"4180dd7\" data-element_type=\"widget\" data-widget_type=\"heading.default\">\n\t\t\t\t<div class=\"elementor-widget-container\">\n\t\t\t\t\t<h2 class=\"elementor-heading-title elementor-size-default\">Quelle plateforme correspond le mieux \u00e0 vos besoins ?\n<\/h2>\t\t\t\t<\/div>\n\t\t\t\t<\/div>\n\t\t\t\t<div class=\"elementor-element elementor-element-23146c5 elementor-widget__width-inherit elementor-widget elementor-widget-html\" data-id=\"23146c5\" data-element_type=\"widget\" data-widget_type=\"html.default\">\n\t\t\t\t<div class=\"elementor-widget-container\">\n\t\t\t\t\t<table class=\"responsive-table\">\r\n  <thead>\r\n    <tr>\r\n      <th>besoin<\/th>\r\n      <th>Solution recommand\u00e9e<\/th>\r\n    <\/tr>\r\n  <\/thead>\r\n  <tbody>\r\n    <tr>\r\n      <td data-label=\"Besoin\"> flotte importante et analyse avanc\u00e9e<\/td>\r\n      <td data-label=\"Solution recommand\u00e9e\">Wialon<\/td>\r\n    <\/tr>\r\n    <tr>\r\n      <td data-label=\"Besoin\">D\u00e9ploiement rapide et utilisation facile   <\/td>\r\n      <td data-label=\"Solution recommand\u00e9e\">GPSWOX<\/td>\r\n    <\/tr>\r\n    <tr>\r\n      <td data-label=\"Besoin\">  Le potentiel de d\u00e9veloppement progressif<\/td>\r\n      <td data-label=\"Solution recommand\u00e9e\">GPSWOX<\/td>\r\n    <\/tr>\r\n    <tr>\r\n      <td data-label=\"Besoin\">  Gestion et s\u00e9curit\u00e9 du carburant<\/td>\r\n      <td data-label=\"Solution recommand\u00e9e\">Wialon<\/td>\r\n    <\/tr>\r\n  <\/tbody>\r\n<\/table>\r\n\t\t\t\t<\/div>\n\t\t\t\t<\/div>\n\t\t\t\t\t<\/div>\n\t\t\t\t<\/div>\n\t\t\t\t\t<\/div>\n\t\t\t\t<\/div>\n\t\t<div class=\"elementor-element elementor-element-6925810 e-flex e-con-boxed e-con e-parent\" data-id=\"6925810\" data-element_type=\"container\" data-settings=\"{&quot;background_background&quot;:&quot;classic&quot;,&quot;_ha_eqh_enable&quot;:false}\">\n\t\t\t\t\t<div class=\"e-con-inner\">\n\t\t\t\t<div class=\"elementor-element elementor-element-a0a3fe3 elementor-widget elementor-widget-heading\" data-id=\"a0a3fe3\" data-element_type=\"widget\" data-widget_type=\"heading.default\">\n\t\t\t\t<div class=\"elementor-widget-container\">\n\t\t\t\t\t<h2 class=\"elementor-heading-title elementor-size-default\">Souhaiteriez-vous essayer la plateforme ?\n<\/h2>\t\t\t\t<\/div>\n\t\t\t\t<\/div>\n\t\t\t\t<div class=\"elementor-element elementor-element-6e7afb8 elementor-widget elementor-widget-text-editor\" data-id=\"6e7afb8\" data-element_type=\"widget\" data-widget_type=\"text-editor.default\">\n\t\t\t\t<div class=\"elementor-widget-container\">\n\t\t\t\t\t\t\t\t\t<div class=\"elementor-element elementor-element-6e7afb8 elementor-widget elementor-widget-text-editor\" data-id=\"6e7afb8\" data-element_type=\"widget\" data-widget_type=\"text-editor.default\"><div class=\"elementor-widget-container\"><p>Contactez-nous pour choisir la solution la plus adapt\u00e9e \u00e0 la gestion et au suivi de votre flotte.<\/p><\/div><\/div>\t\t\t\t\t\t\t\t<\/div>\n\t\t\t\t<\/div>\n\t\t\t\t<div class=\"elementor-element elementor-element-45daa3e elementor-widget elementor-widget-button\" data-id=\"45daa3e\" data-element_type=\"widget\" data-widget_type=\"button.default\">\n\t\t\t\t<div class=\"elementor-widget-container\">\n\t\t\t\t\t\t\t\t\t<div class=\"elementor-button-wrapper\">\n\t\t\t\t\t<a class=\"elementor-button elementor-button-link elementor-size-sm\" href=\"https:\/\/api.whatsapp.com\/send\/?phone=212661072777&#038;text&#038;type=phone_number&#038;app_absent=0\" target=\"_blank\" rel=\"noopener\">\n\t\t\t\t\t\t<span class=\"elementor-button-content-wrapper\">\n\t\t\t\t\t\t\t\t\t<span class=\"elementor-button-text\">Demander une offre d'essai<\/span>\n\t\t\t\t\t<\/span>\n\t\t\t\t\t<\/a>\n\t\t\t\t<\/div>\n\t\t\t\t\t\t\t\t<\/div>\n\t\t\t\t<\/div>\n\t\t\t\t\t<\/div>\n\t\t\t\t<\/div>\n\t\t\t\t<\/div>\n\t\t","protected":false},"excerpt":{"rendered":"<p>Logiciels professionnels de suivi et de tracking GPS Des plateformes internationales reconnues pour un suivi fiable, des donn\u00e9es pr\u00e9cises et une gestion efficace des flottes de v\u00e9hicules au Maroc. Pourquoi nos logiciels ? Nos solutions reposent sur des plateformes de suivi approuv\u00e9es \u00e0 l&rsquo;\u00e9chelle mondiale, utilis\u00e9es par des milliers d&rsquo;entreprises dans le monde entier, afin [&hellip;]<\/p>\n","protected":false},"author":1,"featured_media":0,"parent":0,"menu_order":0,"comment_status":"closed","ping_status":"closed","template":"elementor_header_footer","meta":{"footnotes":""},"class_list":["post-4113","page","type-page","status-publish","hentry"],"jetpack_sharing_enabled":true,"_links":{"self":[{"href":"https:\/\/solutions.j2hbtracker.com\/fr\/wp-json\/wp\/v2\/pages\/4113","targetHints":{"allow":["GET"]}}],"collection":[{"href":"https:\/\/solutions.j2hbtracker.com\/fr\/wp-json\/wp\/v2\/pages"}],"about":[{"href":"https:\/\/solutions.j2hbtracker.com\/fr\/wp-json\/wp\/v2\/types\/page"}],"author":[{"embeddable":true,"href":"https:\/\/solutions.j2hbtracker.com\/fr\/wp-json\/wp\/v2\/users\/1"}],"replies":[{"embeddable":true,"href":"https:\/\/solutions.j2hbtracker.com\/fr\/wp-json\/wp\/v2\/comments?post=4113"}],"version-history":[{"count":0,"href":"https:\/\/solutions.j2hbtracker.com\/fr\/wp-json\/wp\/v2\/pages\/4113\/revisions"}],"wp:attachment":[{"href":"https:\/\/solutions.j2hbtracker.com\/fr\/wp-json\/wp\/v2\/media?parent=4113"}],"curies":[{"name":"wp","href":"https:\/\/api.w.org\/{rel}","templated":true}]}}