{"id":3377,"date":"2025-10-22T15:12:23","date_gmt":"2025-10-22T14:12:23","guid":{"rendered":"https:\/\/solutions.j2hbtracker.com\/?post_type=product&#038;p=3377"},"modified":"2026-01-14T11:58:24","modified_gmt":"2026-01-14T10:58:24","slug":"teltonika-fmb140","status":"publish","type":"product","link":"https:\/\/solutions.j2hbtracker.com\/fr\/product\/teltonika-fmb140\/","title":{"rendered":"Teltonika FMB140"},"content":{"rendered":"<p data-start=\"105\" data-end=\"430\">Le <strong data-start=\"108\" data-end=\"128\">Teltonika FMB140<\/strong> est un <strong data-start=\"136\" data-end=\"174\">traceur GPS de deuxi\u00e8me g\u00e9n\u00e9ration<\/strong>, con\u00e7u pour une <strong data-start=\"191\" data-end=\"235\">gestion avanc\u00e9e des flottes de v\u00e9hicules<\/strong>. Sa fonctionnalit\u00e9 cl\u00e9 r\u00e9side dans sa <strong data-start=\"274\" data-end=\"318\">connexion directe au bus CAN du v\u00e9hicule<\/strong>, lui permettant de r\u00e9cup\u00e9rer des <strong data-start=\"352\" data-end=\"416\">donn\u00e9es essentielles directement depuis l\u2019ordinateur de bord<\/strong>, telles que :<\/p>\n<ul data-start=\"432\" data-end=\"595\">\n<li data-start=\"432\" data-end=\"462\">\n<p data-start=\"434\" data-end=\"462\">le <strong data-start=\"437\" data-end=\"460\">niveau de carburant<\/strong><\/p>\n<\/li>\n<li data-start=\"463\" data-end=\"499\">\n<p data-start=\"465\" data-end=\"499\">la <strong data-start=\"468\" data-end=\"497\">consommation de carburant<\/strong><\/p>\n<\/li>\n<li data-start=\"500\" data-end=\"533\">\n<p data-start=\"502\" data-end=\"533\">le <strong data-start=\"505\" data-end=\"531\">kilom\u00e9trage (odom\u00e8tre)<\/strong><\/p>\n<\/li>\n<li data-start=\"534\" data-end=\"564\">\n<p data-start=\"536\" data-end=\"564\">le <strong data-start=\"539\" data-end=\"562\">r\u00e9gime moteur (RPM)<\/strong><\/p>\n<\/li>\n<li data-start=\"565\" data-end=\"595\">\n<p data-start=\"567\" data-end=\"595\">la <strong data-start=\"570\" data-end=\"595\">temp\u00e9rature du moteur<\/strong><\/p>\n<\/li>\n<\/ul>\n<p data-start=\"597\" data-end=\"784\">Ce niveau de pr\u00e9cision permet de <strong data-start=\"630\" data-end=\"680\">lutter efficacement contre le vol de carburant<\/strong>, d\u2019<strong data-start=\"684\" data-end=\"722\">optimiser les plans de maintenance<\/strong> et de <strong data-start=\"729\" data-end=\"783\">r\u00e9duire significativement les co\u00fbts d\u2019exploitation<\/strong>.<\/p>\n<p data-start=\"786\" data-end=\"1071\">Gr\u00e2ce \u00e0 ses <strong data-start=\"798\" data-end=\"834\">entr\u00e9es et sorties configurables<\/strong>, le FMB140 prend \u00e9galement en charge des fonctionnalit\u00e9s avanc\u00e9es telles que la <strong data-start=\"915\" data-end=\"944\">coupure moteur \u00e0 distance<\/strong>, la <strong data-start=\"949\" data-end=\"989\">d\u00e9tection de l\u2019\u00e9tat du contact (IGN)<\/strong> et de nombreuses autres options adapt\u00e9es aux besoins des gestionnaires de flotte.<\/p>\n","protected":false},"excerpt":{"rendered":"<p><img decoding=\"async\" class=\"alignnone wp-image-2695\" src=\"https:\/\/solutions.j2hbtracker.com\/wp-content\/uploads\/2025\/04\/Teltonika-logotipas-300x59.png\" alt=\"GPS Tracker brand\" width=\"198\" height=\"39\" srcset=\"https:\/\/solutions.j2hbtracker.com\/wp-content\/uploads\/2025\/04\/Teltonika-logotipas-300x59.png 300w, https:\/\/solutions.j2hbtracker.com\/wp-content\/uploads\/2025\/04\/Teltonika-logotipas-500x98.png 500w, https:\/\/solutions.j2hbtracker.com\/wp-content\/uploads\/2025\/04\/Teltonika-logotipas-1024x201.png 1024w, https:\/\/solutions.j2hbtracker.com\/wp-content\/uploads\/2025\/04\/Teltonika-logotipas-768x151.png 768w, https:\/\/solutions.j2hbtracker.com\/wp-content\/uploads\/2025\/04\/Teltonika-logotipas-1536x302.png 1536w, https:\/\/solutions.j2hbtracker.com\/wp-content\/uploads\/2025\/04\/Teltonika-logotipas-2048x402.png 2048w, https:\/\/solutions.j2hbtracker.com\/wp-content\/uploads\/2025\/04\/Teltonika-logotipas-18x4.png 18w\" sizes=\"(max-width: 198px) 100vw, 198px\" \/><\/p>\n<p><strong data-start=\"72\" data-end=\"123\">Solution de suivi GPS avanc\u00e9e en technologie 2G<\/strong>, con\u00e7ue pour une <strong data-start=\"141\" data-end=\"180\">gestion professionnelle des flottes<\/strong>.<br data-start=\"181\" data-end=\"184\" data-is-only-node=\"\" \/>Le <strong data-start=\"187\" data-end=\"207\">Teltonika FMB140<\/strong> lit les donn\u00e9es directement depuis le <strong data-start=\"246\" data-end=\"269\">bus CAN du v\u00e9hicule<\/strong>, permettant une <strong data-start=\"286\" data-end=\"371\">surveillance pr\u00e9cise du niveau de carburant, du kilom\u00e9trage et de la consommation<\/strong>.<br data-start=\"372\" data-end=\"375\" \/>Il est <strong data-start=\"382\" data-end=\"442\">id\u00e9al pour les camions, autobus et v\u00e9hicules utilitaires<\/strong>.<\/p>\n","protected":false},"featured_media":3481,"comment_status":"open","ping_status":"closed","template":"","meta":[],"product_brand":[70],"product_cat":[54,56],"product_tag":[],"class_list":{"0":"post-3377","1":"product","2":"type-product","3":"status-publish","4":"has-post-thumbnail","6":"product_brand-teletonika","7":"product_cat-traceurs-gps","8":"product_cat-traceurs-2g","10":"first","11":"instock","12":"shipping-taxable","13":"product-type-simple"},"jetpack_sharing_enabled":true,"_links":{"self":[{"href":"https:\/\/solutions.j2hbtracker.com\/fr\/wp-json\/wp\/v2\/product\/3377","targetHints":{"allow":["GET"]}}],"collection":[{"href":"https:\/\/solutions.j2hbtracker.com\/fr\/wp-json\/wp\/v2\/product"}],"about":[{"href":"https:\/\/solutions.j2hbtracker.com\/fr\/wp-json\/wp\/v2\/types\/product"}],"replies":[{"embeddable":true,"href":"https:\/\/solutions.j2hbtracker.com\/fr\/wp-json\/wp\/v2\/comments?post=3377"}],"wp:featuredmedia":[{"embeddable":true,"href":"https:\/\/solutions.j2hbtracker.com\/fr\/wp-json\/wp\/v2\/media\/3481"}],"wp:attachment":[{"href":"https:\/\/solutions.j2hbtracker.com\/fr\/wp-json\/wp\/v2\/media?parent=3377"}],"wp:term":[{"taxonomy":"product_brand","embeddable":true,"href":"https:\/\/solutions.j2hbtracker.com\/fr\/wp-json\/wp\/v2\/product_brand?post=3377"},{"taxonomy":"product_cat","embeddable":true,"href":"https:\/\/solutions.j2hbtracker.com\/fr\/wp-json\/wp\/v2\/product_cat?post=3377"},{"taxonomy":"product_tag","embeddable":true,"href":"https:\/\/solutions.j2hbtracker.com\/fr\/wp-json\/wp\/v2\/product_tag?post=3377"}],"curies":[{"name":"wp","href":"https:\/\/api.w.org\/{rel}","templated":true}]}}