{"id":3381,"date":"2025-10-22T16:49:38","date_gmt":"2025-10-22T15:49:38","guid":{"rendered":"https:\/\/solutions.j2hbtracker.com\/?post_type=product&#038;p=3381"},"modified":"2026-01-14T12:00:40","modified_gmt":"2026-01-14T11:00:40","slug":"teltonika-fmc130","status":"publish","type":"product","link":"https:\/\/solutions.j2hbtracker.com\/fr\/product\/teltonika-fmc130\/","title":{"rendered":"Teltonika FMC130"},"content":{"rendered":"<p data-start=\"99\" data-end=\"371\"><strong data-start=\"99\" data-end=\"155\">Faites \u00e9voluer votre flotte avec le Teltonika FMC130<\/strong>, un traceur GPS avanc\u00e9 dot\u00e9 d\u2019une <strong data-start=\"190\" data-end=\"226\">connectivit\u00e9 4G LTE Cat 1 fiable<\/strong>, avec <strong data-start=\"233\" data-end=\"270\">compatibilit\u00e9 de secours 3G et 2G<\/strong>. Il constitue un <strong data-start=\"288\" data-end=\"370\">choix id\u00e9al pour s\u00e9curiser votre flotte face \u00e0 l\u2019\u00e9volution des r\u00e9seaux mobiles<\/strong>.<\/p>\n<p data-start=\"373\" data-end=\"488\">Le <strong data-start=\"376\" data-end=\"425\">FMC130 se distingue par sa grande flexibilit\u00e9<\/strong>, gr\u00e2ce \u00e0 des <strong data-start=\"439\" data-end=\"473\">entr\u00e9es avanc\u00e9es configurables<\/strong>, notamment :<\/p>\n<ul data-start=\"489\" data-end=\"696\">\n<li data-start=\"489\" data-end=\"591\">\n<p data-start=\"491\" data-end=\"591\">une <strong data-start=\"495\" data-end=\"514\">entr\u00e9e n\u00e9gative<\/strong> facilitant la d\u00e9tection d\u2019accessoires tels que portes ou boutons d\u2019alarme,<\/p>\n<\/li>\n<li data-start=\"592\" data-end=\"696\">\n<p data-start=\"594\" data-end=\"696\">une <strong data-start=\"598\" data-end=\"623\">entr\u00e9e impulsionnelle<\/strong> permettant des lectures pr\u00e9cises \u00e0 partir de d\u00e9bitm\u00e8tres de carburant.<\/p>\n<\/li>\n<\/ul>\n<p data-start=\"698\" data-end=\"871\">Avec <strong data-start=\"703\" data-end=\"731\">trois sorties num\u00e9riques<\/strong>, l\u2019appareil g\u00e8re efficacement des sc\u00e9narios complexes tels que la <strong data-start=\"798\" data-end=\"827\">coupure moteur \u00e0 distance<\/strong> et d\u2019autres actions de contr\u00f4le \u00e0 distance.<\/p>\n","protected":false},"excerpt":{"rendered":"<p><img decoding=\"async\" class=\"alignnone wp-image-2695\" src=\"https:\/\/solutions.j2hbtracker.com\/wp-content\/uploads\/2025\/04\/Teltonika-logotipas-300x59.png\" alt=\"GPS Tracker brand\" width=\"198\" height=\"39\" srcset=\"https:\/\/solutions.j2hbtracker.com\/wp-content\/uploads\/2025\/04\/Teltonika-logotipas-300x59.png 300w, https:\/\/solutions.j2hbtracker.com\/wp-content\/uploads\/2025\/04\/Teltonika-logotipas-500x98.png 500w, https:\/\/solutions.j2hbtracker.com\/wp-content\/uploads\/2025\/04\/Teltonika-logotipas-1024x201.png 1024w, https:\/\/solutions.j2hbtracker.com\/wp-content\/uploads\/2025\/04\/Teltonika-logotipas-768x151.png 768w, https:\/\/solutions.j2hbtracker.com\/wp-content\/uploads\/2025\/04\/Teltonika-logotipas-1536x302.png 1536w, https:\/\/solutions.j2hbtracker.com\/wp-content\/uploads\/2025\/04\/Teltonika-logotipas-2048x402.png 2048w, https:\/\/solutions.j2hbtracker.com\/wp-content\/uploads\/2025\/04\/Teltonika-logotipas-18x4.png 18w\" sizes=\"(max-width: 198px) 100vw, 198px\" \/><\/p>\n<p data-start=\"878\" data-end=\"1264\">Le <strong data-start=\"908\" data-end=\"928\">Teltonika FMC130<\/strong> est un <strong data-start=\"936\" data-end=\"971\">traceur GPS nouvelle g\u00e9n\u00e9ration<\/strong> \u00e9quip\u00e9 d\u2019une <strong data-start=\"985\" data-end=\"1030\">connexion 4G LTE Cat 1 avec secours 2G\/3G<\/strong>. Con\u00e7u pour offrir une <strong data-start=\"1054\" data-end=\"1078\">flexibilit\u00e9 maximale<\/strong>, il dispose d\u2019<strong data-start=\"1093\" data-end=\"1153\">entr\u00e9es\/sorties configurables (n\u00e9gative, impulsionnelle)<\/strong>, ce qui en fait une solution id\u00e9ale pour la <strong data-start=\"1198\" data-end=\"1263\">gestion de flottes, la location de v\u00e9hicules et la logistique<\/strong>.<\/p>\n","protected":false},"featured_media":3433,"comment_status":"open","ping_status":"closed","template":"","meta":[],"product_brand":[70],"product_cat":[54,55],"product_tag":[],"class_list":{"0":"post-3381","1":"product","2":"type-product","3":"status-publish","4":"has-post-thumbnail","6":"product_brand-teletonika","7":"product_cat-traceurs-gps","8":"product_cat-traceurs-4g","10":"first","11":"instock","12":"virtual","13":"product-type-simple"},"jetpack_sharing_enabled":true,"_links":{"self":[{"href":"https:\/\/solutions.j2hbtracker.com\/fr\/wp-json\/wp\/v2\/product\/3381","targetHints":{"allow":["GET"]}}],"collection":[{"href":"https:\/\/solutions.j2hbtracker.com\/fr\/wp-json\/wp\/v2\/product"}],"about":[{"href":"https:\/\/solutions.j2hbtracker.com\/fr\/wp-json\/wp\/v2\/types\/product"}],"replies":[{"embeddable":true,"href":"https:\/\/solutions.j2hbtracker.com\/fr\/wp-json\/wp\/v2\/comments?post=3381"}],"wp:featuredmedia":[{"embeddable":true,"href":"https:\/\/solutions.j2hbtracker.com\/fr\/wp-json\/wp\/v2\/media\/3433"}],"wp:attachment":[{"href":"https:\/\/solutions.j2hbtracker.com\/fr\/wp-json\/wp\/v2\/media?parent=3381"}],"wp:term":[{"taxonomy":"product_brand","embeddable":true,"href":"https:\/\/solutions.j2hbtracker.com\/fr\/wp-json\/wp\/v2\/product_brand?post=3381"},{"taxonomy":"product_cat","embeddable":true,"href":"https:\/\/solutions.j2hbtracker.com\/fr\/wp-json\/wp\/v2\/product_cat?post=3381"},{"taxonomy":"product_tag","embeddable":true,"href":"https:\/\/solutions.j2hbtracker.com\/fr\/wp-json\/wp\/v2\/product_tag?post=3381"}],"curies":[{"name":"wp","href":"https:\/\/api.w.org\/{rel}","templated":true}]}}