{"id":3539,"date":"2025-11-25T11:04:41","date_gmt":"2025-11-25T10:04:41","guid":{"rendered":"https:\/\/solutions.j2hbtracker.com\/?post_type=product&#038;p=3539"},"modified":"2026-01-14T11:25:11","modified_gmt":"2026-01-14T10:25:11","slug":"teltonika-fmc920","status":"publish","type":"product","link":"https:\/\/solutions.j2hbtracker.com\/fr\/product\/teltonika-fmc920\/","title":{"rendered":"Teltonika FMC920"},"content":{"rendered":"<p data-start=\"133\" data-end=\"519\">Le <strong data-start=\"136\" data-end=\"156\">Teltonika FMC920<\/strong> est l\u2019un des traceurs GPS intelligents les plus r\u00e9cents, con\u00e7u pour offrir une <strong data-start=\"236\" data-end=\"284\">surveillance pr\u00e9cise et fiable des v\u00e9hicules<\/strong> gr\u00e2ce \u00e0 la connectivit\u00e9 <strong data-start=\"309\" data-end=\"325\">4G LTE Cat 1<\/strong>, avec prise en charge <strong data-start=\"348\" data-end=\"365\">2G en secours<\/strong>. Son format compact et sa facilit\u00e9 d\u2019installation le rendent parfaitement adapt\u00e9 aux <strong data-start=\"451\" data-end=\"518\">voitures particuli\u00e8res, camions, motos et services de transport<\/strong>.<\/p>\n<p data-start=\"521\" data-end=\"894\">Le dispositif propose un large \u00e9ventail de fonctionnalit\u00e9s, notamment le <strong data-start=\"594\" data-end=\"629\">suivi de position en temps r\u00e9el<\/strong>, l\u2019enregistrement des trajets, l\u2019analyse du comportement de conduite, les <strong data-start=\"704\" data-end=\"726\">alertes de vitesse<\/strong> et la <strong data-start=\"733\" data-end=\"758\">d\u00e9tection d\u2019accidents<\/strong>. Il est \u00e9quip\u00e9 de <strong data-start=\"777\" data-end=\"815\">capteurs acc\u00e9l\u00e9rom\u00e9triques avanc\u00e9s<\/strong>, permettant d\u2019identifier instantan\u00e9ment les vibrations anormales ou les chocs.<\/p>\n<p data-start=\"896\" data-end=\"1367\">Le <strong data-start=\"899\" data-end=\"909\">FMC920<\/strong> prend en charge les <strong data-start=\"930\" data-end=\"964\">protocoles standards Teltonika<\/strong> et dispose d\u2019<strong data-start=\"978\" data-end=\"1008\">entr\u00e9es\/sorties num\u00e9riques<\/strong> pour le contr\u00f4le de fonctions avanc\u00e9es telles que la <strong data-start=\"1062\" data-end=\"1091\">coupure moteur \u00e0 distance<\/strong> ou la lecture de l\u2019\u00e9tat du contact (IGN).<br data-start=\"1133\" data-end=\"1136\" \/>Gr\u00e2ce \u00e0 ses <strong data-start=\"1148\" data-end=\"1171\">hautes performances<\/strong> et \u00e0 sa <strong data-start=\"1180\" data-end=\"1215\">faible consommation \u00e9nerg\u00e9tique<\/strong>, ce traceur constitue une solution id\u00e9ale pour la <strong data-start=\"1266\" data-end=\"1287\">gestion de flotte<\/strong>, l\u2019am\u00e9lioration de la productivit\u00e9 et la <strong data-start=\"1329\" data-end=\"1366\">r\u00e9duction des co\u00fbts op\u00e9rationnels<\/strong>.<\/p>\n","protected":false},"excerpt":{"rendered":"<p><img decoding=\"async\" class=\"alignnone size-medium wp-image-2695\" src=\"https:\/\/solutions.j2hbtracker.com\/wp-content\/uploads\/2025\/04\/Teltonika-logotipas-300x59.png\" alt=\"GPS Tracker brand\" width=\"150\" height=\"59\" \/><\/p>\n<p>Le <strong data-start=\"1422\" data-end=\"1442\">Teltonika FMC920<\/strong> est un traceur GPS compact et performant, con\u00e7u pour le suivi en temps r\u00e9el des v\u00e9hicules avec une grande pr\u00e9cision. Compatible <strong data-start=\"1571\" data-end=\"1587\">4G LTE Cat 1<\/strong>, il offre des fonctionnalit\u00e9s de s\u00e9curit\u00e9 avanc\u00e9es, ce qui en fait un choix id\u00e9al pour les <strong data-start=\"1679\" data-end=\"1707\">flottes professionnelles<\/strong> et les <strong data-start=\"1715\" data-end=\"1739\">v\u00e9hicules personnels<\/strong>.<\/p>\n","protected":false},"featured_media":3531,"comment_status":"open","ping_status":"closed","template":"","meta":[],"product_brand":[70],"product_cat":[55,58,54],"product_tag":[],"class_list":{"0":"post-3539","1":"product","2":"type-product","3":"status-publish","4":"has-post-thumbnail","6":"product_brand-teletonika","7":"product_cat-traceurs-4g","8":"product_cat-traceurs-compacts","9":"product_cat-traceurs-gps","11":"first","12":"instock","13":"virtual","14":"product-type-simple"},"jetpack_sharing_enabled":true,"_links":{"self":[{"href":"https:\/\/solutions.j2hbtracker.com\/fr\/wp-json\/wp\/v2\/product\/3539","targetHints":{"allow":["GET"]}}],"collection":[{"href":"https:\/\/solutions.j2hbtracker.com\/fr\/wp-json\/wp\/v2\/product"}],"about":[{"href":"https:\/\/solutions.j2hbtracker.com\/fr\/wp-json\/wp\/v2\/types\/product"}],"replies":[{"embeddable":true,"href":"https:\/\/solutions.j2hbtracker.com\/fr\/wp-json\/wp\/v2\/comments?post=3539"}],"wp:featuredmedia":[{"embeddable":true,"href":"https:\/\/solutions.j2hbtracker.com\/fr\/wp-json\/wp\/v2\/media\/3531"}],"wp:attachment":[{"href":"https:\/\/solutions.j2hbtracker.com\/fr\/wp-json\/wp\/v2\/media?parent=3539"}],"wp:term":[{"taxonomy":"product_brand","embeddable":true,"href":"https:\/\/solutions.j2hbtracker.com\/fr\/wp-json\/wp\/v2\/product_brand?post=3539"},{"taxonomy":"product_cat","embeddable":true,"href":"https:\/\/solutions.j2hbtracker.com\/fr\/wp-json\/wp\/v2\/product_cat?post=3539"},{"taxonomy":"product_tag","embeddable":true,"href":"https:\/\/solutions.j2hbtracker.com\/fr\/wp-json\/wp\/v2\/product_tag?post=3539"}],"curies":[{"name":"wp","href":"https:\/\/api.w.org\/{rel}","templated":true}]}}