{"id":3544,"date":"2025-11-25T11:47:54","date_gmt":"2025-11-25T10:47:54","guid":{"rendered":"https:\/\/solutions.j2hbtracker.com\/?post_type=product&#038;p=3544"},"modified":"2026-01-12T15:24:52","modified_gmt":"2026-01-12T14:24:52","slug":"coban-303f","status":"publish","type":"product","link":"https:\/\/solutions.j2hbtracker.com\/fr\/product\/coban-303f\/","title":{"rendered":"Coban 303F"},"content":{"rendered":"<p data-start=\"148\" data-end=\"348\">Le <strong data-start=\"151\" data-end=\"165\">Coban 303F<\/strong> est l\u2019une des solutions \u00e9conomiques les plus performantes pour le suivi des v\u00e9hicules, gr\u00e2ce \u00e0 sa <strong data-start=\"264\" data-end=\"283\">haute pr\u00e9cision<\/strong> et \u00e0 sa <strong data-start=\"292\" data-end=\"319\">facilit\u00e9 d\u2019installation<\/strong> sur tous types de v\u00e9hicules.<\/p>\n<p data-start=\"350\" data-end=\"580\">L\u2019appareil fonctionne \u00e0 l\u2019aide de la technologie <strong data-start=\"399\" data-end=\"406\">GPS<\/strong> pour une localisation pr\u00e9cise, combin\u00e9e \u00e0 la communication <strong data-start=\"466\" data-end=\"478\">GSM\/GPRS<\/strong> permettant la transmission des donn\u00e9es en temps r\u00e9el vers une application ou une plateforme de suivi.<\/p>\n<p data-start=\"582\" data-end=\"727\">Le Coban 303F offre un large \u00e9ventail de fonctionnalit\u00e9s destin\u00e9es \u00e0 <strong data-start=\"651\" data-end=\"688\">renforcer la s\u00e9curit\u00e9 du v\u00e9hicule<\/strong> et \u00e0 am\u00e9liorer sa gestion, notamment :<\/p>\n<ul data-start=\"729\" data-end=\"1118\">\n<li data-start=\"729\" data-end=\"794\">\n<p data-start=\"731\" data-end=\"794\">Suivi en temps r\u00e9el des d\u00e9placements du v\u00e9hicule sur la carte<\/p>\n<\/li>\n<li data-start=\"795\" data-end=\"862\">\n<p data-start=\"797\" data-end=\"862\">Alertes instantan\u00e9es en cas de vibration ou de tentative de vol<\/p>\n<\/li>\n<li data-start=\"863\" data-end=\"918\">\n<p data-start=\"865\" data-end=\"918\">Notification de d\u00e9passement de la vitesse autoris\u00e9e<\/p>\n<\/li>\n<li data-start=\"919\" data-end=\"973\">\n<p data-start=\"921\" data-end=\"973\">Possibilit\u00e9 de couper le moteur \u00e0 distance via SMS<\/p>\n<\/li>\n<li data-start=\"974\" data-end=\"1050\">\n<p data-start=\"976\" data-end=\"1050\">Cr\u00e9ation de zones de s\u00e9curit\u00e9 (Geo-fencing) avec alerte en cas de sortie<\/p>\n<\/li>\n<li data-start=\"1051\" data-end=\"1118\">\n<p data-start=\"1053\" data-end=\"1118\">Enregistrement des trajets et analyse des habitudes de conduite<\/p>\n<\/li>\n<\/ul>\n<p data-start=\"1120\" data-end=\"1423\">Gr\u00e2ce \u00e0 son <strong data-start=\"1132\" data-end=\"1150\">format compact<\/strong> et \u00e0 sa <strong data-start=\"1159\" data-end=\"1192\">faible consommation d\u2019\u00e9nergie<\/strong>, le Coban 303F est parfaitement adapt\u00e9 aux voitures particuli\u00e8res, motos, camions et v\u00e9hicules de flotte.<br data-start=\"1298\" data-end=\"1301\" \/>Il offre un niveau de s\u00e9curit\u00e9 suppl\u00e9mentaire et garantit une <strong data-start=\"1363\" data-end=\"1388\">tranquillit\u00e9 d\u2019esprit<\/strong> gr\u00e2ce \u00e0 une surveillance continue.<\/p>\n","protected":false},"excerpt":{"rendered":"<p><img decoding=\"async\" class=\"alignnone wp-image-2719\" src=\"https:\/\/solutions.j2hbtracker.com\/wp-content\/uploads\/2025\/04\/03-Coban-approved-287x300.png\" alt=\"GPS Tracker brand\" width=\"124\" height=\"130\" srcset=\"https:\/\/solutions.j2hbtracker.com\/wp-content\/uploads\/2025\/04\/03-Coban-approved-287x300.png 287w, https:\/\/solutions.j2hbtracker.com\/wp-content\/uploads\/2025\/04\/03-Coban-approved-11x12.png 11w, https:\/\/solutions.j2hbtracker.com\/wp-content\/uploads\/2025\/04\/03-Coban-approved.png 401w\" sizes=\"(max-width: 124px) 100vw, 124px\" \/><\/p>\n<p>Le <strong data-start=\"1478\" data-end=\"1492\">Coban 303F<\/strong> est un traceur GPS pratique et \u00e9conomique permettant le suivi des v\u00e9hicules en temps r\u00e9el via le r\u00e9seau GSM\/GPRS.<br data-start=\"1606\" data-end=\"1609\" \/>Il propose des alertes antivol, une alerte de d\u00e9passement de vitesse et la coupure du moteur \u00e0 distance, ce qui en fait une solution id\u00e9ale pour les v\u00e9hicules particuliers et la gestion de flottes.<\/p>\n","protected":false},"featured_media":3622,"comment_status":"open","ping_status":"closed","template":"","meta":[],"product_brand":[85],"product_cat":[56,54],"product_tag":[],"class_list":{"0":"post-3544","1":"product","2":"type-product","3":"status-publish","4":"has-post-thumbnail","6":"product_brand-coban","7":"product_cat-traceurs-2g","8":"product_cat-traceurs-gps","10":"first","11":"instock","12":"virtual","13":"product-type-simple"},"jetpack_sharing_enabled":true,"_links":{"self":[{"href":"https:\/\/solutions.j2hbtracker.com\/fr\/wp-json\/wp\/v2\/product\/3544","targetHints":{"allow":["GET"]}}],"collection":[{"href":"https:\/\/solutions.j2hbtracker.com\/fr\/wp-json\/wp\/v2\/product"}],"about":[{"href":"https:\/\/solutions.j2hbtracker.com\/fr\/wp-json\/wp\/v2\/types\/product"}],"replies":[{"embeddable":true,"href":"https:\/\/solutions.j2hbtracker.com\/fr\/wp-json\/wp\/v2\/comments?post=3544"}],"wp:featuredmedia":[{"embeddable":true,"href":"https:\/\/solutions.j2hbtracker.com\/fr\/wp-json\/wp\/v2\/media\/3622"}],"wp:attachment":[{"href":"https:\/\/solutions.j2hbtracker.com\/fr\/wp-json\/wp\/v2\/media?parent=3544"}],"wp:term":[{"taxonomy":"product_brand","embeddable":true,"href":"https:\/\/solutions.j2hbtracker.com\/fr\/wp-json\/wp\/v2\/product_brand?post=3544"},{"taxonomy":"product_cat","embeddable":true,"href":"https:\/\/solutions.j2hbtracker.com\/fr\/wp-json\/wp\/v2\/product_cat?post=3544"},{"taxonomy":"product_tag","embeddable":true,"href":"https:\/\/solutions.j2hbtracker.com\/fr\/wp-json\/wp\/v2\/product_tag?post=3544"}],"curies":[{"name":"wp","href":"https:\/\/api.w.org\/{rel}","templated":true}]}}