{"id":3550,"date":"2025-11-25T14:24:32","date_gmt":"2025-11-25T13:24:32","guid":{"rendered":"https:\/\/solutions.j2hbtracker.com\/?post_type=product&#038;p=3550"},"modified":"2026-01-13T12:44:27","modified_gmt":"2026-01-13T11:44:27","slug":"coban-306","status":"publish","type":"product","link":"https:\/\/solutions.j2hbtracker.com\/fr\/product\/coban-306\/","title":{"rendered":"Coban 306"},"content":{"rendered":"<p data-start=\"175\" data-end=\"381\">Le <strong data-start=\"178\" data-end=\"191\">Coban 306<\/strong> est un traceur GPS de derni\u00e8re g\u00e9n\u00e9ration con\u00e7u pour offrir une <strong data-start=\"256\" data-end=\"311\">surveillance pr\u00e9cise et en temps r\u00e9el des v\u00e9hicules<\/strong>, avec un large \u00e9ventail de fonctionnalit\u00e9s de s\u00e9curit\u00e9 et de gestion.<\/p>\n<p data-start=\"383\" data-end=\"560\">L\u2019appareil prend en charge la <strong data-start=\"413\" data-end=\"449\">localisation GPS haute pr\u00e9cision<\/strong>, ainsi que la technologie <strong data-start=\"476\" data-end=\"483\">LBS<\/strong>, garantissant une couverture fiable m\u00eame dans les zones \u00e0 faible signal GPS.<\/p>\n<p data-start=\"562\" data-end=\"636\">Le Coban 306 int\u00e8gre des <strong data-start=\"587\" data-end=\"623\">fonctions de protection avanc\u00e9es<\/strong>, notamment :<\/p>\n<ul data-start=\"638\" data-end=\"1075\">\n<li data-start=\"638\" data-end=\"703\">\n<p data-start=\"640\" data-end=\"703\">Suivi en temps r\u00e9el des d\u00e9placements du v\u00e9hicule sur la carte<\/p>\n<\/li>\n<li data-start=\"704\" data-end=\"774\">\n<p data-start=\"706\" data-end=\"774\">Alerte en cas de vibration ou de tentative d\u2019ouverture du v\u00e9hicule<\/p>\n<\/li>\n<li data-start=\"775\" data-end=\"831\">\n<p data-start=\"777\" data-end=\"831\">Notification de d\u00e9passement de la vitesse pr\u00e9d\u00e9finie<\/p>\n<\/li>\n<li data-start=\"832\" data-end=\"914\">\n<p data-start=\"834\" data-end=\"914\">Cr\u00e9ation de zones de s\u00e9curit\u00e9 (Geo-fencing) avec alertes d\u2019entr\u00e9e et de sortie<\/p>\n<\/li>\n<li data-start=\"915\" data-end=\"992\">\n<p data-start=\"917\" data-end=\"992\">Possibilit\u00e9 de couper le moteur \u00e0 distance via SMS ou plateforme de suivi<\/p>\n<\/li>\n<li data-start=\"993\" data-end=\"1075\">\n<p data-start=\"995\" data-end=\"1075\">Enregistrement complet de l\u2019historique des trajets et des distances parcourues<\/p>\n<\/li>\n<\/ul>\n<p data-start=\"1077\" data-end=\"1334\">De plus, le dispositif est \u00e9quip\u00e9 d\u2019une <strong data-start=\"1117\" data-end=\"1149\">batterie de secours int\u00e9gr\u00e9e<\/strong>, assurant son fonctionnement m\u00eame en cas de coupure de l\u2019alimentation principale. Cela en fait une solution efficace pour la <strong data-start=\"1275\" data-end=\"1296\">pr\u00e9vention du vol<\/strong> et le <strong data-start=\"1303\" data-end=\"1333\">contr\u00f4le total du v\u00e9hicule<\/strong>.<\/p>\n<p data-start=\"1336\" data-end=\"1458\">Le <strong data-start=\"1339\" data-end=\"1352\">Coban 306<\/strong> convient parfaitement aux voitures particuli\u00e8res, motos, camions, ainsi qu\u2019aux <strong data-start=\"1432\" data-end=\"1457\">flottes d\u2019entreprises<\/strong>.<\/p>\n","protected":false},"excerpt":{"rendered":"<p><img decoding=\"async\" class=\"alignnone wp-image-2719\" src=\"https:\/\/solutions.j2hbtracker.com\/wp-content\/uploads\/2025\/04\/03-Coban-approved-287x300.png\" alt=\"GPS Tracker brand\" width=\"124\" height=\"130\" srcset=\"https:\/\/solutions.j2hbtracker.com\/wp-content\/uploads\/2025\/04\/03-Coban-approved-287x300.png 287w, https:\/\/solutions.j2hbtracker.com\/wp-content\/uploads\/2025\/04\/03-Coban-approved-11x12.png 11w, https:\/\/solutions.j2hbtracker.com\/wp-content\/uploads\/2025\/04\/03-Coban-approved.png 401w\" sizes=\"(max-width: 124px) 100vw, 124px\" \/><\/p>\n<p>Le <strong data-start=\"1513\" data-end=\"1526\">Coban 306<\/strong> est un traceur GPS avanc\u00e9 offrant un suivi en temps r\u00e9el du v\u00e9hicule avec de puissantes fonctionnalit\u00e9s antivol, telles que les alertes instantan\u00e9es, le g\u00e9ofencing et la coupure du moteur \u00e0 distance.<br data-start=\"1726\" data-end=\"1729\" \/>Il constitue une solution id\u00e9ale pour la protection des v\u00e9hicules et la gestion professionnelle des flottes.<\/p>\n","protected":false},"featured_media":3551,"comment_status":"open","ping_status":"closed","template":"","meta":[],"product_brand":[85],"product_cat":[56,54],"product_tag":[],"class_list":{"0":"post-3550","1":"product","2":"type-product","3":"status-publish","4":"has-post-thumbnail","6":"product_brand-coban","7":"product_cat-traceurs-2g","8":"product_cat-traceurs-gps","10":"first","11":"instock","12":"virtual","13":"product-type-simple"},"jetpack_sharing_enabled":true,"_links":{"self":[{"href":"https:\/\/solutions.j2hbtracker.com\/fr\/wp-json\/wp\/v2\/product\/3550","targetHints":{"allow":["GET"]}}],"collection":[{"href":"https:\/\/solutions.j2hbtracker.com\/fr\/wp-json\/wp\/v2\/product"}],"about":[{"href":"https:\/\/solutions.j2hbtracker.com\/fr\/wp-json\/wp\/v2\/types\/product"}],"replies":[{"embeddable":true,"href":"https:\/\/solutions.j2hbtracker.com\/fr\/wp-json\/wp\/v2\/comments?post=3550"}],"wp:featuredmedia":[{"embeddable":true,"href":"https:\/\/solutions.j2hbtracker.com\/fr\/wp-json\/wp\/v2\/media\/3551"}],"wp:attachment":[{"href":"https:\/\/solutions.j2hbtracker.com\/fr\/wp-json\/wp\/v2\/media?parent=3550"}],"wp:term":[{"taxonomy":"product_brand","embeddable":true,"href":"https:\/\/solutions.j2hbtracker.com\/fr\/wp-json\/wp\/v2\/product_brand?post=3550"},{"taxonomy":"product_cat","embeddable":true,"href":"https:\/\/solutions.j2hbtracker.com\/fr\/wp-json\/wp\/v2\/product_cat?post=3550"},{"taxonomy":"product_tag","embeddable":true,"href":"https:\/\/solutions.j2hbtracker.com\/fr\/wp-json\/wp\/v2\/product_tag?post=3550"}],"curies":[{"name":"wp","href":"https:\/\/api.w.org\/{rel}","templated":true}]}}