{"id":3554,"date":"2025-11-25T15:48:29","date_gmt":"2025-11-25T14:48:29","guid":{"rendered":"https:\/\/solutions.j2hbtracker.com\/?post_type=product&#038;p=3554"},"modified":"2026-01-13T16:17:26","modified_gmt":"2026-01-13T15:17:26","slug":"coban-311","status":"publish","type":"product","link":"https:\/\/solutions.j2hbtracker.com\/fr\/product\/coban-311\/","title":{"rendered":"Coban 311"},"content":{"rendered":"<p data-start=\"145\" data-end=\"360\">Le <strong data-start=\"148\" data-end=\"161\">Coban 311<\/strong> se distingue par son <strong data-start=\"183\" data-end=\"207\">format ultra-compact<\/strong>, ce qui en fait l\u2019un des traceurs GPS les plus faciles \u00e0 dissimuler \u00e0 l\u2019int\u00e9rieur d\u2019une voiture, d\u2019une moto, ou m\u00eame dans des sacs et objets personnels.<\/p>\n<p data-start=\"362\" data-end=\"555\">L\u2019appareil fonctionne gr\u00e2ce au <strong data-start=\"393\" data-end=\"408\">syst\u00e8me GPS<\/strong> pour une localisation pr\u00e9cise, combin\u00e9 au <strong data-start=\"451\" data-end=\"470\">r\u00e9seau GSM\/GPRS<\/strong> pour la transmission des donn\u00e9es vers la plateforme de suivi ou le t\u00e9l\u00e9phone mobile.<\/p>\n<p data-start=\"557\" data-end=\"622\">Le <strong data-start=\"560\" data-end=\"573\">Coban 311<\/strong> offre de nombreuses fonctionnalit\u00e9s, notamment :<\/p>\n<ul data-start=\"624\" data-end=\"987\">\n<li data-start=\"624\" data-end=\"683\">\n<p data-start=\"626\" data-end=\"683\">Suivi en temps r\u00e9el du v\u00e9hicule ou de l\u2019objet surveill\u00e9<\/p>\n<\/li>\n<li data-start=\"684\" data-end=\"744\">\n<p data-start=\"686\" data-end=\"744\">Alertes instantan\u00e9es en cas de mouvement ou de vibration<\/p>\n<\/li>\n<li data-start=\"745\" data-end=\"828\">\n<p data-start=\"747\" data-end=\"828\">D\u00e9finition de zones de s\u00e9curit\u00e9 (<strong data-start=\"780\" data-end=\"795\">Geo-fencing<\/strong>) avec alerte lors de la sortie<\/p>\n<\/li>\n<li data-start=\"829\" data-end=\"879\">\n<p data-start=\"831\" data-end=\"879\">Historique complet des trajets et d\u00e9placements<\/p>\n<\/li>\n<li data-start=\"880\" data-end=\"917\">\n<p data-start=\"882\" data-end=\"917\"><strong data-start=\"882\" data-end=\"915\">Batterie interne longue dur\u00e9e<\/strong><\/p>\n<\/li>\n<li data-start=\"918\" data-end=\"987\">\n<p data-start=\"920\" data-end=\"987\">Envoi de la position par <strong data-start=\"945\" data-end=\"952\">SMS<\/strong> ou via la plateforme de tracking<\/p>\n<\/li>\n<\/ul>\n<p data-start=\"989\" data-end=\"1324\">Gr\u00e2ce \u00e0 sa <strong data-start=\"1000\" data-end=\"1017\">petite taille<\/strong> et \u00e0 sa grande flexibilit\u00e9 d\u2019utilisation, le Coban 311 est id\u00e9al pour la <strong data-start=\"1091\" data-end=\"1119\">protection des v\u00e9hicules<\/strong>, motos, enfants, personnes \u00e2g\u00e9es, animaux de compagnie ainsi que des bagages et objets personnels.<br data-start=\"1218\" data-end=\"1221\" \/>Il garantit un <strong data-start=\"1236\" data-end=\"1291\">haut niveau de s\u00e9curit\u00e9 et de tranquillit\u00e9 d\u2019esprit<\/strong> gr\u00e2ce \u00e0 un suivi continu 24h\/24<\/p>\n","protected":false},"excerpt":{"rendered":"<p><img decoding=\"async\" class=\"alignnone wp-image-2719\" src=\"https:\/\/solutions.j2hbtracker.com\/wp-content\/uploads\/2025\/04\/03-Coban-approved-287x300.png\" alt=\"GPS Tracker brand\" width=\"95\" height=\"100\" srcset=\"https:\/\/solutions.j2hbtracker.com\/wp-content\/uploads\/2025\/04\/03-Coban-approved-287x300.png 287w, https:\/\/solutions.j2hbtracker.com\/wp-content\/uploads\/2025\/04\/03-Coban-approved-11x12.png 11w, https:\/\/solutions.j2hbtracker.com\/wp-content\/uploads\/2025\/04\/03-Coban-approved.png 401w\" sizes=\"(max-width: 95px) 100vw, 95px\" \/><\/p>\n<p data-start=\"1376\" data-end=\"1686\">Le <strong data-start=\"1379\" data-end=\"1392\">Coban 311<\/strong> est un traceur GPS compact et l\u00e9ger, con\u00e7u pour le suivi pr\u00e9cis des v\u00e9hicules et des objets personnels. Il propose un suivi en temps r\u00e9el, des alertes instantan\u00e9es et une <strong data-start=\"1564\" data-end=\"1589\">batterie longue dur\u00e9e<\/strong>, ce qui en fait une solution id\u00e9ale pour la s\u00e9curit\u00e9 quotidienne et la protection contre le vol.<\/p>\n","protected":false},"featured_media":3623,"comment_status":"open","ping_status":"closed","template":"","meta":[],"product_brand":[85],"product_cat":[56,54],"product_tag":[],"class_list":{"0":"post-3554","1":"product","2":"type-product","3":"status-publish","4":"has-post-thumbnail","6":"product_brand-coban","7":"product_cat-traceurs-2g","8":"product_cat-traceurs-gps","10":"first","11":"instock","12":"virtual","13":"product-type-simple"},"jetpack_sharing_enabled":true,"_links":{"self":[{"href":"https:\/\/solutions.j2hbtracker.com\/fr\/wp-json\/wp\/v2\/product\/3554","targetHints":{"allow":["GET"]}}],"collection":[{"href":"https:\/\/solutions.j2hbtracker.com\/fr\/wp-json\/wp\/v2\/product"}],"about":[{"href":"https:\/\/solutions.j2hbtracker.com\/fr\/wp-json\/wp\/v2\/types\/product"}],"replies":[{"embeddable":true,"href":"https:\/\/solutions.j2hbtracker.com\/fr\/wp-json\/wp\/v2\/comments?post=3554"}],"wp:featuredmedia":[{"embeddable":true,"href":"https:\/\/solutions.j2hbtracker.com\/fr\/wp-json\/wp\/v2\/media\/3623"}],"wp:attachment":[{"href":"https:\/\/solutions.j2hbtracker.com\/fr\/wp-json\/wp\/v2\/media?parent=3554"}],"wp:term":[{"taxonomy":"product_brand","embeddable":true,"href":"https:\/\/solutions.j2hbtracker.com\/fr\/wp-json\/wp\/v2\/product_brand?post=3554"},{"taxonomy":"product_cat","embeddable":true,"href":"https:\/\/solutions.j2hbtracker.com\/fr\/wp-json\/wp\/v2\/product_cat?post=3554"},{"taxonomy":"product_tag","embeddable":true,"href":"https:\/\/solutions.j2hbtracker.com\/fr\/wp-json\/wp\/v2\/product_tag?post=3554"}],"curies":[{"name":"wp","href":"https:\/\/api.w.org\/{rel}","templated":true}]}}