{"id":3567,"date":"2025-11-26T11:08:58","date_gmt":"2025-11-26T10:08:58","guid":{"rendered":"https:\/\/solutions.j2hbtracker.com\/?post_type=product&#038;p=3567"},"modified":"2026-01-13T15:01:52","modified_gmt":"2026-01-13T14:01:52","slug":"coban-401c-4g","status":"publish","type":"product","link":"https:\/\/solutions.j2hbtracker.com\/fr\/product\/coban-401c-4g\/","title":{"rendered":"Coban 401C (4G)"},"content":{"rendered":"<p data-start=\"166\" data-end=\"448\">Le <strong data-start=\"169\" data-end=\"188\">Coban 401C (4G)<\/strong> est l\u2019un des traceurs GPS les plus performants de la gamme Coban, gr\u00e2ce \u00e0 sa <strong data-start=\"266\" data-end=\"302\">prise en charge du r\u00e9seau 4G LTE<\/strong>, offrant une <strong data-start=\"316\" data-end=\"338\">vitesse sup\u00e9rieure<\/strong>, une <strong data-start=\"344\" data-end=\"367\">meilleure stabilit\u00e9<\/strong> et une <strong data-start=\"375\" data-end=\"402\">couverture plus \u00e9tendue<\/strong> par rapport aux dispositifs 2G traditionnels.<\/p>\n<p data-start=\"450\" data-end=\"620\">Con\u00e7u pour assurer un <strong data-start=\"472\" data-end=\"515\">haut niveau de s\u00e9curit\u00e9 et de fiabilit\u00e9<\/strong>, le Coban 401C convient aussi bien \u00e0 un usage personnel qu\u2019\u00e0 la <strong data-start=\"580\" data-end=\"619\">gestion de flottes professionnelles<\/strong>.<\/p>\n<p data-start=\"622\" data-end=\"684\">Il propose de nombreuses fonctionnalit\u00e9s avanc\u00e9es, notamment :<\/p>\n<ul data-start=\"686\" data-end=\"1211\">\n<li data-start=\"686\" data-end=\"735\">\n<p data-start=\"688\" data-end=\"735\">Suivi en temps r\u00e9el via <strong data-start=\"712\" data-end=\"735\">GPS haute pr\u00e9cision<\/strong><\/p>\n<\/li>\n<li data-start=\"736\" data-end=\"833\">\n<p data-start=\"738\" data-end=\"833\">Alertes instantan\u00e9es en cas de mouvement, de vibration ou de tentative de retrait du dispositif<\/p>\n<\/li>\n<li data-start=\"834\" data-end=\"891\">\n<p data-start=\"836\" data-end=\"891\">Notification de <strong data-start=\"852\" data-end=\"891\">d\u00e9passement de la vitesse autoris\u00e9e<\/strong><\/p>\n<\/li>\n<li data-start=\"892\" data-end=\"967\">\n<p data-start=\"894\" data-end=\"967\">Possibilit\u00e9 de <strong data-start=\"909\" data-end=\"938\">coupure moteur \u00e0 distance<\/strong> par SMS ou via l\u2019application<\/p>\n<\/li>\n<li data-start=\"968\" data-end=\"1060\">\n<p data-start=\"970\" data-end=\"1060\">D\u00e9finition de <strong data-start=\"984\" data-end=\"1021\">zones g\u00e9ographiques (Geo-fencing)<\/strong> avec alertes \u00e0 l\u2019entr\u00e9e et \u00e0 la sortie<\/p>\n<\/li>\n<li data-start=\"1061\" data-end=\"1132\">\n<p data-start=\"1063\" data-end=\"1132\">Enregistrement complet des trajets et du <strong data-start=\"1104\" data-end=\"1132\">comportement de conduite<\/strong><\/p>\n<\/li>\n<li data-start=\"1133\" data-end=\"1211\">\n<p data-start=\"1135\" data-end=\"1211\"><strong data-start=\"1135\" data-end=\"1168\">Connexion 4G rapide et fiable<\/strong> pour une transmission continue des donn\u00e9es<\/p>\n<\/li>\n<\/ul>\n<p data-start=\"1213\" data-end=\"1547\">Le dispositif int\u00e8gre \u00e9galement une <strong data-start=\"1249\" data-end=\"1269\">batterie interne<\/strong>, garantissant la continuit\u00e9 du suivi m\u00eame en cas de coupure d\u2019alimentation, ce qui emp\u00eache toute d\u00e9sactivation facile par un voleur.<br data-start=\"1402\" data-end=\"1405\" \/>Gr\u00e2ce \u00e0 son <strong data-start=\"1417\" data-end=\"1435\">design robuste<\/strong>, le Coban 401C est parfaitement adapt\u00e9 aux <strong data-start=\"1479\" data-end=\"1546\">voitures particuli\u00e8res, camions, motos et v\u00e9hicules commerciaux<\/strong>.<\/p>\n","protected":false},"excerpt":{"rendered":"<p><img decoding=\"async\" class=\"alignnone wp-image-2719\" src=\"https:\/\/solutions.j2hbtracker.com\/wp-content\/uploads\/2025\/04\/03-Coban-approved-287x300.png\" alt=\"GPS Tracker brand\" width=\"95\" height=\"100\" srcset=\"https:\/\/solutions.j2hbtracker.com\/wp-content\/uploads\/2025\/04\/03-Coban-approved-287x300.png 287w, https:\/\/solutions.j2hbtracker.com\/wp-content\/uploads\/2025\/04\/03-Coban-approved-11x12.png 11w, https:\/\/solutions.j2hbtracker.com\/wp-content\/uploads\/2025\/04\/03-Coban-approved.png 401w\" sizes=\"(max-width: 95px) 100vw, 95px\" \/><\/p>\n<p data-start=\"1599\" data-end=\"1905\">Le <strong data-start=\"1602\" data-end=\"1621\">Coban 401C (4G)<\/strong> est un traceur GPS professionnel compatible 4G, offrant un suivi en temps r\u00e9el pr\u00e9cis et stable. Il dispose d\u2019alertes instantan\u00e9es, d\u2019une surveillance compl\u00e8te du v\u00e9hicule et de la <strong data-start=\"1803\" data-end=\"1832\">coupure moteur \u00e0 distance<\/strong>, ce qui en fait une solution id\u00e9ale pour les voitures, camions et motos.<\/p>\n","protected":false},"featured_media":3569,"comment_status":"open","ping_status":"closed","template":"","meta":[],"product_brand":[85],"product_cat":[55,56,54],"product_tag":[],"class_list":{"0":"post-3567","1":"product","2":"type-product","3":"status-publish","4":"has-post-thumbnail","6":"product_brand-coban","7":"product_cat-traceurs-4g","8":"product_cat-traceurs-2g","9":"product_cat-traceurs-gps","11":"first","12":"instock","13":"virtual","14":"product-type-simple"},"jetpack_sharing_enabled":true,"_links":{"self":[{"href":"https:\/\/solutions.j2hbtracker.com\/fr\/wp-json\/wp\/v2\/product\/3567","targetHints":{"allow":["GET"]}}],"collection":[{"href":"https:\/\/solutions.j2hbtracker.com\/fr\/wp-json\/wp\/v2\/product"}],"about":[{"href":"https:\/\/solutions.j2hbtracker.com\/fr\/wp-json\/wp\/v2\/types\/product"}],"replies":[{"embeddable":true,"href":"https:\/\/solutions.j2hbtracker.com\/fr\/wp-json\/wp\/v2\/comments?post=3567"}],"wp:featuredmedia":[{"embeddable":true,"href":"https:\/\/solutions.j2hbtracker.com\/fr\/wp-json\/wp\/v2\/media\/3569"}],"wp:attachment":[{"href":"https:\/\/solutions.j2hbtracker.com\/fr\/wp-json\/wp\/v2\/media?parent=3567"}],"wp:term":[{"taxonomy":"product_brand","embeddable":true,"href":"https:\/\/solutions.j2hbtracker.com\/fr\/wp-json\/wp\/v2\/product_brand?post=3567"},{"taxonomy":"product_cat","embeddable":true,"href":"https:\/\/solutions.j2hbtracker.com\/fr\/wp-json\/wp\/v2\/product_cat?post=3567"},{"taxonomy":"product_tag","embeddable":true,"href":"https:\/\/solutions.j2hbtracker.com\/fr\/wp-json\/wp\/v2\/product_tag?post=3567"}],"curies":[{"name":"wp","href":"https:\/\/api.w.org\/{rel}","templated":true}]}}