{"id":4407,"date":"2026-01-08T12:08:54","date_gmt":"2026-01-08T11:08:54","guid":{"rendered":"https:\/\/j2hbtrack.com\/?post_type=product&#038;p=4407"},"modified":"2026-01-08T12:29:10","modified_gmt":"2026-01-08T11:29:10","slug":"dut-e-2-jauge-capacitive-amelioree-a-haute-stabilite","status":"publish","type":"product","link":"https:\/\/solutions.j2hbtracker.com\/fr\/product\/dut-e-2-jauge-capacitive-amelioree-a-haute-stabilite\/","title":{"rendered":"DUT-E 2"},"content":{"rendered":"<p data-start=\"816\" data-end=\"1035\">La <strong data-start=\"819\" data-end=\"859\">jauge de carburant TechnoTon DUT-E 2<\/strong> repr\u00e9sente l\u2019\u00e9volution de la s\u00e9rie DUT-E, avec une \u00e9lectronique optimis\u00e9e garantissant une <strong data-start=\"951\" data-end=\"986\">meilleure stabilit\u00e9 des donn\u00e9es<\/strong> m\u00eame dans des conditions de conduite difficiles.<\/p>\n<p data-start=\"1037\" data-end=\"1430\">Gr\u00e2ce \u00e0 sa technologie capacitive avanc\u00e9e, la <strong data-start=\"1083\" data-end=\"1094\">DUT-E 2<\/strong> assure une mesure pr\u00e9cise et constante du niveau de carburant, r\u00e9duisant les fausses alertes et am\u00e9liorant la fiabilit\u00e9 des rapports de consommation. Elle est id\u00e9ale pour les entreprises recherchant une solution performante pour la <strong data-start=\"1327\" data-end=\"1351\">gestion du carburant<\/strong>, la <strong data-start=\"1356\" data-end=\"1384\">surveillance des flottes<\/strong> et la <strong data-start=\"1391\" data-end=\"1429\">r\u00e9duction des co\u00fbts d\u2019exploitation<\/strong>.<\/p>\n<p data-start=\"1432\" data-end=\"1637\">Compatible avec la majorit\u00e9 des <strong data-start=\"1464\" data-end=\"1480\">traceurs GPS<\/strong> (Teltonika, Coban, etc.) et plateformes telles que <strong data-start=\"1532\" data-end=\"1542\">Wialon<\/strong> et <strong data-start=\"1546\" data-end=\"1556\">GPSWOX<\/strong>, la jauge <strong data-start=\"1567\" data-end=\"1578\">DUT-E 2<\/strong> s\u2019int\u00e8gre facilement dans les syst\u00e8mes de suivi existants.<\/p>\n<h2 data-start=\"1644\" data-end=\"1664\">\ud83d\udd39 Avantages cl\u00e9s<\/h2>\n<p data-start=\"1665\" data-end=\"1899\">\u2714 Stabilit\u00e9 de mesure am\u00e9lior\u00e9e<br data-start=\"1696\" data-end=\"1699\" \/>\u2714 Haute pr\u00e9cision capacitive<br data-start=\"1727\" data-end=\"1730\" \/>\u2714 Donn\u00e9es fiables en temps r\u00e9el<br data-start=\"1761\" data-end=\"1764\" \/>\u2714 R\u00e9duction des pertes et vols de carburant<br data-start=\"1807\" data-end=\"1810\" \/>\u2714 Compatible avec la majorit\u00e9 des traceurs GPS<br data-start=\"1856\" data-end=\"1859\" \/>\u2714 Id\u00e9ale pour flottes professionnelles.<\/p>\n","protected":false},"excerpt":{"rendered":"<p data-start=\"466\" data-end=\"766\">La <strong data-start=\"469\" data-end=\"490\">TechnoTon DUT-E 2<\/strong> est une jauge de carburant capacitive de nouvelle g\u00e9n\u00e9ration offrant une <strong data-start=\"564\" data-end=\"597\">stabilit\u00e9 de mesure renforc\u00e9e<\/strong> et une pr\u00e9cision \u00e9lev\u00e9e. Con\u00e7ue pour les flottes professionnelles, elle permet un suivi fiable du niveau de carburant et une d\u00e9tection efficace des anomalies et pertes.<\/p>\n","protected":false},"featured_media":4419,"comment_status":"open","ping_status":"closed","template":"","meta":[],"product_brand":[97],"product_cat":[99],"product_tag":[],"class_list":{"0":"post-4407","1":"product","2":"type-product","3":"status-publish","4":"has-post-thumbnail","6":"product_brand-technoton","7":"product_cat-jauges-technoton","9":"first","10":"instock","11":"virtual","12":"product-type-simple"},"jetpack_sharing_enabled":true,"_links":{"self":[{"href":"https:\/\/solutions.j2hbtracker.com\/fr\/wp-json\/wp\/v2\/product\/4407","targetHints":{"allow":["GET"]}}],"collection":[{"href":"https:\/\/solutions.j2hbtracker.com\/fr\/wp-json\/wp\/v2\/product"}],"about":[{"href":"https:\/\/solutions.j2hbtracker.com\/fr\/wp-json\/wp\/v2\/types\/product"}],"replies":[{"embeddable":true,"href":"https:\/\/solutions.j2hbtracker.com\/fr\/wp-json\/wp\/v2\/comments?post=4407"}],"wp:featuredmedia":[{"embeddable":true,"href":"https:\/\/solutions.j2hbtracker.com\/fr\/wp-json\/wp\/v2\/media\/4419"}],"wp:attachment":[{"href":"https:\/\/solutions.j2hbtracker.com\/fr\/wp-json\/wp\/v2\/media?parent=4407"}],"wp:term":[{"taxonomy":"product_brand","embeddable":true,"href":"https:\/\/solutions.j2hbtracker.com\/fr\/wp-json\/wp\/v2\/product_brand?post=4407"},{"taxonomy":"product_cat","embeddable":true,"href":"https:\/\/solutions.j2hbtracker.com\/fr\/wp-json\/wp\/v2\/product_cat?post=4407"},{"taxonomy":"product_tag","embeddable":true,"href":"https:\/\/solutions.j2hbtracker.com\/fr\/wp-json\/wp\/v2\/product_tag?post=4407"}],"curies":[{"name":"wp","href":"https:\/\/api.w.org\/{rel}","templated":true}]}}