{"id":4420,"date":"2026-01-08T12:59:55","date_gmt":"2026-01-08T11:59:55","guid":{"rendered":"https:\/\/j2hbtrack.com\/?post_type=product&#038;p=4420"},"modified":"2026-01-08T13:01:36","modified_gmt":"2026-01-08T12:01:36","slug":"dut-e-s6-s7","status":"publish","type":"product","link":"https:\/\/solutions.j2hbtracker.com\/fr\/product\/dut-e-s6-s7\/","title":{"rendered":"DUT-E S6 \/ S7"},"content":{"rendered":"<p data-start=\"783\" data-end=\"1164\">La <strong data-start=\"786\" data-end=\"813\">TechnoTon DUT-E S6 \/ S7<\/strong> est une jauge de carburant capacitive avanc\u00e9e dot\u00e9e de <strong data-start=\"869\" data-end=\"904\">sorties num\u00e9rique et analogique<\/strong>. Gr\u00e2ce \u00e0 cette double interface, elle est parfaitement compatible avec une grande vari\u00e9t\u00e9 de traceurs GPS et de plateformes t\u00e9l\u00e9matiques (Wialon, GPSWOX, etc.), permettant une int\u00e9gration fluide dans les syst\u00e8mes de suivi de flotte et de gestion de carburant.<\/p>\n<p data-start=\"1166\" data-end=\"1530\">La technologie capacitive int\u00e9gr\u00e9e offre une mesure constante et fiable du niveau de carburant, r\u00e9duisant les erreurs, les pertes et les fraudes. La pr\u00e9sence \u00e0 la fois des sorties <strong data-start=\"1346\" data-end=\"1360\">analogique<\/strong> (pour les syst\u00e8mes traditionnels) et <strong data-start=\"1398\" data-end=\"1411\">num\u00e9rique<\/strong> (pour int\u00e9gration CAN \/ API) rend ce mod\u00e8le particuli\u00e8rement flexible et adapt\u00e9 \u00e0 diff\u00e9rents sc\u00e9narios d\u2019installation.<\/p>\n<p data-start=\"1532\" data-end=\"1752\">Cette jauge convient parfaitement aux entreprises de transport, logistique et services qui ont besoin d\u2019une solution robuste, facile \u00e0 installer et pr\u00e9cise pour surveiller la consommation de carburant de leurs v\u00e9hicules.<\/p>\n<h2 data-start=\"1759\" data-end=\"1783\">\ud83d\udd39 <strong data-start=\"1765\" data-end=\"1783\">Avantages cl\u00e9s<\/strong><\/h2>\n<p data-start=\"1784\" data-end=\"2077\">\u2714 Sorties <strong data-start=\"1794\" data-end=\"1820\">num\u00e9rique &amp; analogique<\/strong> pour compatibilit\u00e9 maximale<br data-start=\"1848\" data-end=\"1851\" \/>\u2714 Mesure capacitive stable et pr\u00e9cise<br data-start=\"1888\" data-end=\"1891\" \/>\u2714 Donn\u00e9es fiables pour analyse des consommations<br data-start=\"1939\" data-end=\"1942\" \/>\u2714 R\u00e9duction des pertes et des fraudes<br data-start=\"1979\" data-end=\"1982\" \/>\u2714 Compatibilit\u00e9 avec la majorit\u00e9 des traceurs GPS<br data-start=\"2031\" data-end=\"2034\" \/>\u2714 Convient aux flottes l\u00e9g\u00e8res et lourdes<\/p>\n","protected":false},"excerpt":{"rendered":"<p data-start=\"464\" data-end=\"729\">La <strong data-start=\"467\" data-end=\"513\">jauge de carburant TechnoTon DUT-E S6 \/ S7<\/strong> propose des sorties <strong data-start=\"534\" data-end=\"561\">num\u00e9rique et analogique<\/strong> pour une compatibilit\u00e9 maximale avec les syst\u00e8mes GPS et t\u00e9l\u00e9matiques. Elle assure des mesures pr\u00e9cises du niveau de carburant, m\u00eame dans les environnements exigeants.<\/p>\n","protected":false},"featured_media":4421,"comment_status":"open","ping_status":"closed","template":"","meta":[],"product_brand":[97],"product_cat":[99],"product_tag":[],"class_list":{"0":"post-4420","1":"product","2":"type-product","3":"status-publish","4":"has-post-thumbnail","6":"product_brand-technoton","7":"product_cat-jauges-technoton","9":"first","10":"instock","11":"virtual","12":"product-type-simple"},"jetpack_sharing_enabled":true,"_links":{"self":[{"href":"https:\/\/solutions.j2hbtracker.com\/fr\/wp-json\/wp\/v2\/product\/4420","targetHints":{"allow":["GET"]}}],"collection":[{"href":"https:\/\/solutions.j2hbtracker.com\/fr\/wp-json\/wp\/v2\/product"}],"about":[{"href":"https:\/\/solutions.j2hbtracker.com\/fr\/wp-json\/wp\/v2\/types\/product"}],"replies":[{"embeddable":true,"href":"https:\/\/solutions.j2hbtracker.com\/fr\/wp-json\/wp\/v2\/comments?post=4420"}],"wp:featuredmedia":[{"embeddable":true,"href":"https:\/\/solutions.j2hbtracker.com\/fr\/wp-json\/wp\/v2\/media\/4421"}],"wp:attachment":[{"href":"https:\/\/solutions.j2hbtracker.com\/fr\/wp-json\/wp\/v2\/media?parent=4420"}],"wp:term":[{"taxonomy":"product_brand","embeddable":true,"href":"https:\/\/solutions.j2hbtracker.com\/fr\/wp-json\/wp\/v2\/product_brand?post=4420"},{"taxonomy":"product_cat","embeddable":true,"href":"https:\/\/solutions.j2hbtracker.com\/fr\/wp-json\/wp\/v2\/product_cat?post=4420"},{"taxonomy":"product_tag","embeddable":true,"href":"https:\/\/solutions.j2hbtracker.com\/fr\/wp-json\/wp\/v2\/product_tag?post=4420"}],"curies":[{"name":"wp","href":"https:\/\/api.w.org\/{rel}","templated":true}]}}