{"id":4426,"date":"2026-01-08T16:35:50","date_gmt":"2026-01-08T15:35:50","guid":{"rendered":"https:\/\/j2hbtrack.com\/?post_type=product&#038;p=4426"},"modified":"2026-01-08T16:35:51","modified_gmt":"2026-01-08T15:35:51","slug":"dut-e-gsm","status":"publish","type":"product","link":"https:\/\/solutions.j2hbtracker.com\/fr\/product\/dut-e-gsm\/","title":{"rendered":"DUT-E GSM"},"content":{"rendered":"<p data-start=\"731\" data-end=\"1028\">La <strong data-start=\"734\" data-end=\"757\">TechnoTon DUT-E GSM<\/strong> est une jauge de carburant capacitive de nouvelle g\u00e9n\u00e9ration \u00e9quip\u00e9e d\u2019un <strong data-start=\"832\" data-end=\"854\">module GSM int\u00e9gr\u00e9<\/strong>, permettant la transmission des donn\u00e9es de niveau et de consommation de carburant <strong data-start=\"937\" data-end=\"987\">directement vers une plateforme de supervision<\/strong>, sans n\u00e9cessiter de traceur GPS externe.<\/p>\n<p data-start=\"1030\" data-end=\"1422\">Cette solution autonome est id\u00e9ale pour les <strong data-start=\"1074\" data-end=\"1094\">r\u00e9servoirs fixes<\/strong>, les <strong data-start=\"1100\" data-end=\"1124\">groupes \u00e9lectrog\u00e8nes<\/strong>, les <strong data-start=\"1130\" data-end=\"1142\">citernes<\/strong>, les <strong data-start=\"1148\" data-end=\"1165\">engins isol\u00e9s<\/strong> et les projets o\u00f9 l\u2019installation d\u2019un traceur GPS n\u2019est pas requise. Gr\u00e2ce \u00e0 sa haute pr\u00e9cision et \u00e0 sa stabilit\u00e9 de mesure, la <strong data-start=\"1294\" data-end=\"1307\">DUT-E GSM<\/strong> permet une surveillance continue, la d\u00e9tection rapide des baisses anormales et une gestion optimis\u00e9e du carburant.<\/p>\n<p data-start=\"1424\" data-end=\"1634\">Compatible avec les plateformes professionnelles de gestion \u00e9nerg\u00e9tique et t\u00e9l\u00e9matique, elle constitue une solution fiable pour la <strong data-start=\"1555\" data-end=\"1591\">lutte contre le vol de carburant<\/strong> et l\u2019optimisation des co\u00fbts op\u00e9rationnels.<\/p>\n<hr data-start=\"1636\" data-end=\"1639\" \/>\n<h2 data-start=\"1641\" data-end=\"1665\">\ud83d\udd39 <strong data-start=\"1647\" data-end=\"1665\">Avantages cl\u00e9s<\/strong><\/h2>\n<p data-start=\"1666\" data-end=\"1938\">\u2714 Module <strong data-start=\"1675\" data-end=\"1690\">GSM int\u00e9gr\u00e9<\/strong> (solution autonome)<br data-start=\"1710\" data-end=\"1713\" \/>\u2714 Transmission directe des donn\u00e9es sans traceur GPS<br data-start=\"1764\" data-end=\"1767\" \/>\u2714 Mesure pr\u00e9cise et stable du niveau de carburant<br data-start=\"1816\" data-end=\"1819\" \/>\u2714 Alertes en temps r\u00e9el (baisse anormale, seuils)<br data-start=\"1868\" data-end=\"1871\" \/>\u2714 Installation simplifi\u00e9e<br data-start=\"1896\" data-end=\"1899\" \/>\u2714 R\u00e9duction des pertes et des fraudes<\/p>\n","protected":false},"excerpt":{"rendered":"<p data-start=\"491\" data-end=\"675\">La <strong data-start=\"494\" data-end=\"536\">jauge de carburant TechnoTon DUT-E GSM<\/strong> int\u00e8gre un module GSM permettant la <strong data-start=\"573\" data-end=\"622\">transmission directe des donn\u00e9es de carburant<\/strong>, sans traceur GPS, pour un suivi autonome et fiable.<\/p>\n","protected":false},"featured_media":4428,"comment_status":"open","ping_status":"closed","template":"","meta":[],"product_brand":[97],"product_cat":[99],"product_tag":[],"class_list":{"0":"post-4426","1":"product","2":"type-product","3":"status-publish","4":"has-post-thumbnail","6":"product_brand-technoton","7":"product_cat-jauges-technoton","9":"first","10":"instock","11":"virtual","12":"product-type-simple"},"jetpack_sharing_enabled":true,"_links":{"self":[{"href":"https:\/\/solutions.j2hbtracker.com\/fr\/wp-json\/wp\/v2\/product\/4426","targetHints":{"allow":["GET"]}}],"collection":[{"href":"https:\/\/solutions.j2hbtracker.com\/fr\/wp-json\/wp\/v2\/product"}],"about":[{"href":"https:\/\/solutions.j2hbtracker.com\/fr\/wp-json\/wp\/v2\/types\/product"}],"replies":[{"embeddable":true,"href":"https:\/\/solutions.j2hbtracker.com\/fr\/wp-json\/wp\/v2\/comments?post=4426"}],"wp:featuredmedia":[{"embeddable":true,"href":"https:\/\/solutions.j2hbtracker.com\/fr\/wp-json\/wp\/v2\/media\/4428"}],"wp:attachment":[{"href":"https:\/\/solutions.j2hbtracker.com\/fr\/wp-json\/wp\/v2\/media?parent=4426"}],"wp:term":[{"taxonomy":"product_brand","embeddable":true,"href":"https:\/\/solutions.j2hbtracker.com\/fr\/wp-json\/wp\/v2\/product_brand?post=4426"},{"taxonomy":"product_cat","embeddable":true,"href":"https:\/\/solutions.j2hbtracker.com\/fr\/wp-json\/wp\/v2\/product_cat?post=4426"},{"taxonomy":"product_tag","embeddable":true,"href":"https:\/\/solutions.j2hbtracker.com\/fr\/wp-json\/wp\/v2\/product_tag?post=4426"}],"curies":[{"name":"wp","href":"https:\/\/api.w.org\/{rel}","templated":true}]}}